{"id":1022,"date":"2024-02-22T11:59:46","date_gmt":"2024-02-22T11:59:46","guid":{"rendered":"https:\/\/igstwahub.org\/?page_id=1022"},"modified":"2024-02-22T12:07:43","modified_gmt":"2024-02-22T12:07:43","slug":"publications","status":"publish","type":"page","link":"https:\/\/igstwahub.org\/fr\/publications\/","title":{"rendered":"Publications"},"content":{"rendered":"<section class=\"section dark\" id=\"section_1523564047\">\n\t\t<div class=\"section-bg fill\" >\n\t\t\t<img loading=\"lazy\" decoding=\"async\" width=\"1500\" height=\"994\" src=\"https:\/\/igstwahub.org\/wp-content\/uploads\/2023\/08\/paul-earle-xJ2tjuUHD9M-unsplash.jpg\" class=\"bg attachment- size-\" alt=\"\" \/>\t\t\t\t\t\t<div class=\"section-bg-overlay absolute fill\"><\/div>\n\t\t\t\n\n\t\t<\/div>\n\n\t\t\n\n\t\t<div class=\"section-content relative\">\n\t\t\t\n\n<div class=\"row row-full-width\"  id=\"row-616742478\">\n\n\n\t<div id=\"col-319034324\" class=\"col small-12 large-12\"  >\n\t\t\t\t<div class=\"col-inner\"  >\n\t\t\t\n\t\t\t\n\n<div class=\"row row-collapse row-full-width\"  id=\"row-1450114866\">\n\n\n\t<div id=\"col-1355555192\" class=\"col medium-12 small-12 large-12\"  >\n\t\t\t\t<div class=\"col-inner\"  >\n\t\t\t\n\t\t\t\n\n\t<div id=\"text-1335684671\" class=\"text\">\n\t\t\n\n<h1 class=\"uppercase\" style=\"text-align: center;\">PUBLICATIONS<\/h1>\n\t\t\n<style>\n#text-1335684671 {\n  font-size: 1.25rem;\n  text-align: center;\n}\n@media (min-width:850px) {\n  #text-1335684671 {\n    font-size: 1.5rem;\n    text-align: left;\n  }\n}\n<\/style>\n\t<\/div>\n\t\n\n\t\t<\/div>\n\t\t\t\t\n<style>\n#col-1355555192 > .col-inner {\n  padding: 30px 0px 0px 0px;\n  margin: 0px 0px 0px 0px;\n}\n<\/style>\n\t<\/div>\n\n\t\n\n<\/div>\n\n\t\t<\/div>\n\t\t\t\t\n<style>\n#col-319034324 > .col-inner {\n  padding: 0px 5% 0px 5%;\n  margin: -35px 0px -50px 0px;\n}\n@media (min-width:550px) {\n  #col-319034324 > .col-inner {\n    padding: 0px 5% 0px 5%;\n    margin: -40px 0px -50px 0px;\n  }\n}\n@media (min-width:850px) {\n  #col-319034324 > .col-inner {\n    margin: -50px 0px -50px 0px;\n  }\n}\n<\/style>\n\t<\/div>\n\n\t\n\n<\/div>\n\n\t\t<\/div>\n\n\t\t\n<style>\n#section_1523564047 {\n  padding-top: 30px;\n  padding-bottom: 30px;\n  background-color: rgb(0,0,0);\n}\n#section_1523564047 .section-bg-overlay {\n  background-color: rgba(0, 120, 128, 0.33);\n}\n<\/style>\n\t<\/section>\n\t\n\t<div id=\"gap-1987850662\" class=\"gap-element clearfix\" style=\"display:block; height:auto;\">\n\t\t\n<style>\n#gap-1987850662 {\n  padding-top: 30px;\n}\n<\/style>\n\t<\/div>\n\t\n\n\t\t<div id=\"ux-relay-1474265594\" class=\"ux-relay ux-relay--pagination\" data-flatsome-relay=\"{&quot;postType&quot;:&quot;post&quot;,&quot;tag&quot;:&quot;blog_posts&quot;,&quot;atts&quot;:{&quot;style&quot;:&quot;bounce&quot;,&quot;type&quot;:&quot;row&quot;,&quot;columns&quot;:&quot;3&quot;,&quot;animate&quot;:&quot;fadeInUp&quot;,&quot;relay&quot;:&quot;pagination&quot;,&quot;cat&quot;:&quot;77&quot;,&quot;show_date&quot;:&quot;false&quot;,&quot;excerpt&quot;:&quot;false&quot;,&quot;image_height&quot;:&quot;75%&quot;},&quot;currentPage&quot;:&quot;1&quot;,&quot;totalPages&quot;:2,&quot;totalPosts&quot;:10,&quot;postCount&quot;:8}\" >\n\t\t\n  \n    <div class=\"row large-columns-3 medium-columns- small-columns-1\" >\n  <div class=\"col post-item\" data-animate=\"fadeInUp\">\n\t\t\t<div class=\"col-inner\">\n\t\t\t\t<div class=\"box box-bounce box-text-bottom box-blog-post has-hover\">\n          \t\t\t\t\t<div class=\"box-text text-center\" >\n\t\t\t\t\t<div class=\"box-text-inner blog-post-inner\">\n\n\t\t\t\t\t\n\t\t\t\t\t\t\t\t\t\t<h5 class=\"post-title is-large\">\n\t\t\t\t\t\t<a href=\"https:\/\/igstwahub.org\/fr\/uncategorized\/analysis-of-west-african-countriescommitments-to-climate-changemitigation-and-adaptation-throughnationally-determinedcontributions-ndcs\/\" class=\"plain\">Analyse des engagements des pays d\u2019Afrique de l\u2019Ouest en mati\u00e8re d\u2019att\u00e9nuation des changements climatiques et d\u2019adaptation \u00e0 ceux-ci par le biais des contributions d\u00e9termin\u00e9es au niveau national (CDN)<\/a>\n\t\t\t\t\t<\/h5>\n\t\t\t\t\t\t\t\t\t\t<div class=\"is-divider\"><\/div>\n\t\t\t\t\t                    \n\t\t\t\t\t\n\t\t\t\t\t\n\t\t\t\t\t<\/div>\n\t\t\t\t\t<\/div>\n\t\t\t\t\t\t\t\t\t<\/div>\n\t\t\t<\/div>\n\t\t<\/div><div class=\"col post-item\" data-animate=\"fadeInUp\">\n\t\t\t<div class=\"col-inner\">\n\t\t\t\t<div class=\"box box-bounce box-text-bottom box-blog-post has-hover\">\n          \t\t\t\t\t<div class=\"box-text text-center\" >\n\t\t\t\t\t<div class=\"box-text-inner blog-post-inner\">\n\n\t\t\t\t\t\n\t\t\t\t\t\t\t\t\t\t<h5 class=\"post-title is-large\">\n\t\t\t\t\t\t<a href=\"https:\/\/igstwahub.org\/fr\/uncategorized\/regional-workshop-on-west-african-ndcs-disseminating-countries-commitments-to-climate-change-mitigation-and-adaptation\/\" class=\"plain\">Atelier r\u00e9gional sur les CDN d&#039;Afrique de l&#039;Ouest\u00a0: diffusion des engagements des pays en mati\u00e8re d&#039;att\u00e9nuation et d&#039;adaptation au changement climatique<\/a>\n\t\t\t\t\t<\/h5>\n\t\t\t\t\t\t\t\t\t\t<div class=\"is-divider\"><\/div>\n\t\t\t\t\t                    \n\t\t\t\t\t\n\t\t\t\t\t\n\t\t\t\t\t<\/div>\n\t\t\t\t\t<\/div>\n\t\t\t\t\t\t\t\t\t<\/div>\n\t\t\t<\/div>\n\t\t<\/div><div class=\"col post-item\" data-animate=\"fadeInUp\">\n\t\t\t<div class=\"col-inner\">\n\t\t\t\t<div class=\"box box-bounce box-text-bottom box-blog-post has-hover\">\n          \t\t\t\t\t<div class=\"box-text text-center\" >\n\t\t\t\t\t<div class=\"box-text-inner blog-post-inner\">\n\n\t\t\t\t\t\n\t\t\t\t\t\t\t\t\t\t<h5 class=\"post-title is-large\">\n\t\t\t\t\t\t<a href=\"https:\/\/igstwahub.org\/fr\/uncategorized\/strengthening-local-advocacy-against-climate-change-slaacc\/\" class=\"plain\">Renforcement du plaidoyer local contre le changement climatique (SLAACC)<\/a>\n\t\t\t\t\t<\/h5>\n\t\t\t\t\t\t\t\t\t\t<div class=\"is-divider\"><\/div>\n\t\t\t\t\t                    \n\t\t\t\t\t\n\t\t\t\t\t\n\t\t\t\t\t<\/div>\n\t\t\t\t\t<\/div>\n\t\t\t\t\t\t\t\t\t<\/div>\n\t\t\t<\/div>\n\t\t<\/div><div class=\"col post-item\" data-animate=\"fadeInUp\">\n\t\t\t<div class=\"col-inner\">\n\t\t\t\t<div class=\"box box-bounce box-text-bottom box-blog-post has-hover\">\n          \t\t\t\t\t<div class=\"box-text text-center\" >\n\t\t\t\t\t<div class=\"box-text-inner blog-post-inner\">\n\n\t\t\t\t\t\n\t\t\t\t\t\t\t\t\t\t<h5 class=\"post-title is-large\">\n\t\t\t\t\t\t<a href=\"https:\/\/igstwahub.org\/fr\/uncategorized\/renewable-energy-for-agri-food-industry\/\" class=\"plain\">Energies renouvelables pour l&#039;industrie agroalimentaire<\/a>\n\t\t\t\t\t<\/h5>\n\t\t\t\t\t\t\t\t\t\t<div class=\"is-divider\"><\/div>\n\t\t\t\t\t                    \n\t\t\t\t\t\n\t\t\t\t\t\n\t\t\t\t\t<\/div>\n\t\t\t\t\t<\/div>\n\t\t\t\t\t\t\t\t\t<\/div>\n\t\t\t<\/div>\n\t\t<\/div><div class=\"col post-item\" data-animate=\"fadeInUp\">\n\t\t\t<div class=\"col-inner\">\n\t\t\t\t<div class=\"box box-bounce box-text-bottom box-blog-post has-hover\">\n            \t\t\t\t\t<div class=\"box-image\" >\n  \t\t\t\t\t\t<div class=\"image-cover\" style=\"padding-top:75%;\">\n\t\t\t\t\t\t\t<a href=\"https:\/\/igstwahub.org\/fr\/updates\/committed-to-climate-action-in-west-africa\/\" class=\"plain\" aria-label=\"Engag\u00e9s pour l&#039;action climatique en Afrique de l&#039;Ouest\">\n\t\t\t\t\t\t\t\t<img loading=\"lazy\" decoding=\"async\" width=\"346\" height=\"180\" src=\"https:\/\/igstwahub.org\/wp-content\/uploads\/2024\/12\/a.jpg\" class=\"attachment-medium size-medium wp-post-image\" alt=\"\" srcset=\"https:\/\/igstwahub.org\/wp-content\/uploads\/2024\/12\/a.jpg 346w, https:\/\/igstwahub.org\/wp-content\/uploads\/2024\/12\/a-18x9.jpg 18w\" sizes=\"auto, (max-width: 346px) 100vw, 346px\" \/>\t\t\t\t\t\t\t<\/a>\n  \t\t\t\t\t\t\t  \t\t\t\t\t\t\t  \t\t\t\t\t\t<\/div>\n  \t\t\t\t\t\t  \t\t\t\t\t<\/div>\n          \t\t\t\t\t<div class=\"box-text text-center\" >\n\t\t\t\t\t<div class=\"box-text-inner blog-post-inner\">\n\n\t\t\t\t\t\n\t\t\t\t\t\t\t\t\t\t<h5 class=\"post-title is-large\">\n\t\t\t\t\t\t<a href=\"https:\/\/igstwahub.org\/fr\/updates\/committed-to-climate-action-in-west-africa\/\" class=\"plain\">Engag\u00e9s pour l&#039;action climatique en Afrique de l&#039;Ouest<\/a>\n\t\t\t\t\t<\/h5>\n\t\t\t\t\t\t\t\t\t\t<div class=\"is-divider\"><\/div>\n\t\t\t\t\t                    \n\t\t\t\t\t\n\t\t\t\t\t\n\t\t\t\t\t<\/div>\n\t\t\t\t\t<\/div>\n\t\t\t\t\t\t\t\t\t<\/div>\n\t\t\t<\/div>\n\t\t<\/div><div class=\"col post-item\" data-animate=\"fadeInUp\">\n\t\t\t<div class=\"col-inner\">\n\t\t\t\t<div class=\"box box-bounce box-text-bottom box-blog-post has-hover\">\n            \t\t\t\t\t<div class=\"box-image\" >\n  \t\t\t\t\t\t<div class=\"image-cover\" style=\"padding-top:75%;\">\n\t\t\t\t\t\t\t<a href=\"https:\/\/igstwahub.org\/fr\/updates\/jeunesse-contre-le-changement-climatique-j3c\/\" class=\"plain\" aria-label=\"JEUNESSE CONTRE LE CHANGEMENT CLIMATIQUE (J3C)\">\n\t\t\t\t\t\t\t\t<img loading=\"lazy\" decoding=\"async\" width=\"622\" height=\"400\" src=\"https:\/\/igstwahub.org\/wp-content\/uploads\/2024\/12\/AAA-622x400.jpg\" class=\"attachment-medium size-medium wp-post-image\" alt=\"\" srcset=\"https:\/\/igstwahub.org\/wp-content\/uploads\/2024\/12\/AAA-622x400.jpg 622w, https:\/\/igstwahub.org\/wp-content\/uploads\/2024\/12\/AAA-768x494.jpg 768w, https:\/\/igstwahub.org\/wp-content\/uploads\/2024\/12\/AAA-18x12.jpg 18w, https:\/\/igstwahub.org\/wp-content\/uploads\/2024\/12\/AAA.jpg 865w\" sizes=\"auto, (max-width: 622px) 100vw, 622px\" \/>\t\t\t\t\t\t\t<\/a>\n  \t\t\t\t\t\t\t  \t\t\t\t\t\t\t  \t\t\t\t\t\t<\/div>\n  \t\t\t\t\t\t  \t\t\t\t\t<\/div>\n          \t\t\t\t\t<div class=\"box-text text-center\" >\n\t\t\t\t\t<div class=\"box-text-inner blog-post-inner\">\n\n\t\t\t\t\t\n\t\t\t\t\t\t\t\t\t\t<h5 class=\"post-title is-large\">\n\t\t\t\t\t\t<a href=\"https:\/\/igstwahub.org\/fr\/updates\/jeunesse-contre-le-changement-climatique-j3c\/\" class=\"plain\">JEUNESSE CONTRE LE CHANGEMENT CLIMATIQUE (J3C)<\/a>\n\t\t\t\t\t<\/h5>\n\t\t\t\t\t\t\t\t\t\t<div class=\"is-divider\"><\/div>\n\t\t\t\t\t                    \n\t\t\t\t\t\n\t\t\t\t\t\n\t\t\t\t\t<\/div>\n\t\t\t\t\t<\/div>\n\t\t\t\t\t\t\t\t\t<\/div>\n\t\t\t<\/div>\n\t\t<\/div><div class=\"col post-item\" data-animate=\"fadeInUp\">\n\t\t\t<div class=\"col-inner\">\n\t\t\t\t<div class=\"box box-bounce box-text-bottom box-blog-post has-hover\">\n            \t\t\t\t\t<div class=\"box-image\" >\n  \t\t\t\t\t\t<div class=\"image-cover\" style=\"padding-top:75%;\">\n\t\t\t\t\t\t\t<a href=\"https:\/\/igstwahub.org\/fr\/publications\/igst-wa-hub-young-fellowship-initiative-igst-wa-hub-yfp\/\" class=\"plain\" aria-label=\"\u00c9valuation des CDN des pays d&#039;Afrique de l&#039;Ouest dans le cadre de l&#039;Accord de Paris, des r\u00e9sultats du premier bilan mondial et des contributions de la soci\u00e9t\u00e9 civile.\">\n\t\t\t\t\t\t\t\t<img loading=\"lazy\" decoding=\"async\" width=\"326\" height=\"258\" src=\"https:\/\/igstwahub.org\/wp-content\/uploads\/2024\/12\/imb-2.jpg\" class=\"attachment-medium size-medium wp-post-image\" alt=\"\" srcset=\"https:\/\/igstwahub.org\/wp-content\/uploads\/2024\/12\/imb-2.jpg 326w, https:\/\/igstwahub.org\/wp-content\/uploads\/2024\/12\/imb-2-15x12.jpg 15w\" sizes=\"auto, (max-width: 326px) 100vw, 326px\" \/>\t\t\t\t\t\t\t<\/a>\n  \t\t\t\t\t\t\t  \t\t\t\t\t\t\t  \t\t\t\t\t\t<\/div>\n  \t\t\t\t\t\t  \t\t\t\t\t<\/div>\n          \t\t\t\t\t<div class=\"box-text text-center\" >\n\t\t\t\t\t<div class=\"box-text-inner blog-post-inner\">\n\n\t\t\t\t\t\n\t\t\t\t\t\t\t\t\t\t<h5 class=\"post-title is-large\">\n\t\t\t\t\t\t<a href=\"https:\/\/igstwahub.org\/fr\/publications\/igst-wa-hub-young-fellowship-initiative-igst-wa-hub-yfp\/\" class=\"plain\">\u00c9valuation des CDN des pays d&#039;Afrique de l&#039;Ouest dans le cadre de l&#039;Accord de Paris, des r\u00e9sultats du premier bilan mondial et des contributions de la soci\u00e9t\u00e9 civile.<\/a>\n\t\t\t\t\t<\/h5>\n\t\t\t\t\t\t\t\t\t\t<div class=\"is-divider\"><\/div>\n\t\t\t\t\t                    \n\t\t\t\t\t\n\t\t\t\t\t\n\t\t\t\t\t<\/div>\n\t\t\t\t\t<\/div>\n\t\t\t\t\t\t\t\t\t<\/div>\n\t\t\t<\/div>\n\t\t<\/div><div class=\"col post-item\" data-animate=\"fadeInUp\">\n\t\t\t<div class=\"col-inner\">\n\t\t\t\t<div class=\"box box-bounce box-text-bottom box-blog-post has-hover\">\n            \t\t\t\t\t<div class=\"box-image\" >\n  \t\t\t\t\t\t<div class=\"image-cover\" style=\"padding-top:75%;\">\n\t\t\t\t\t\t\t<a href=\"https:\/\/igstwahub.org\/fr\/publications\/lessons-learned-from-gst1-input-from-the-independent-global-stocktake-network\/\" class=\"plain\" aria-label=\"Le\u00e7ons tir\u00e9es de GST1\u00a0: contribution du r\u00e9seau ind\u00e9pendant Global Stocktake\">\n\t\t\t\t\t\t\t\t<img loading=\"lazy\" decoding=\"async\" width=\"539\" height=\"400\" src=\"https:\/\/igstwahub.org\/wp-content\/uploads\/2024\/07\/31-539x400.jpg\" class=\"attachment-medium size-medium wp-post-image\" alt=\"\" srcset=\"https:\/\/igstwahub.org\/wp-content\/uploads\/2024\/07\/31-539x400.jpg 539w, https:\/\/igstwahub.org\/wp-content\/uploads\/2024\/07\/31-16x12.jpg 16w, https:\/\/igstwahub.org\/wp-content\/uploads\/2024\/07\/31.jpg 755w\" sizes=\"auto, (max-width: 539px) 100vw, 539px\" \/>\t\t\t\t\t\t\t<\/a>\n  \t\t\t\t\t\t\t  \t\t\t\t\t\t\t  \t\t\t\t\t\t<\/div>\n  \t\t\t\t\t\t  \t\t\t\t\t<\/div>\n          \t\t\t\t\t<div class=\"box-text text-center\" >\n\t\t\t\t\t<div class=\"box-text-inner blog-post-inner\">\n\n\t\t\t\t\t\n\t\t\t\t\t\t\t\t\t\t<h5 class=\"post-title is-large\">\n\t\t\t\t\t\t<a href=\"https:\/\/igstwahub.org\/fr\/publications\/lessons-learned-from-gst1-input-from-the-independent-global-stocktake-network\/\" class=\"plain\">Le\u00e7ons tir\u00e9es de GST1\u00a0: contribution du r\u00e9seau ind\u00e9pendant Global Stocktake<\/a>\n\t\t\t\t\t<\/h5>\n\t\t\t\t\t\t\t\t\t\t<div class=\"is-divider\"><\/div>\n\t\t\t\t\t                    \n\t\t\t\t\t\n\t\t\t\t\t\n\t\t\t\t\t<\/div>\n\t\t\t\t\t<\/div>\n\t\t\t\t\t\t\t\t\t<\/div>\n\t\t\t<\/div>\n\t\t<\/div><\/div>\t\t<div class=\"ux-relay__control ux-relay__control--bottom container pb-half text-center\">\n\t\t\t<ul class=\"ux-relay__pagination page-numbers nav-pagination links\"><li><span aria-current=\"page\" class=\"page-number current\">1<\/span><\/li><li><a class=\"page-number\" href=\"#\/page\/2\">2<\/a><\/li><li><a aria-label=\"Suivant\" class=\"next page-number\" href=\"#\/page\/2\"><i class=\"icon-angle-right\" ><\/i><\/a><\/li><\/ul>\t\t<\/div>\n\t\t\t\t<\/div>\n\t\t\n\n<div class=\"container section-title-container\" ><h1 class=\"section-title section-title-center\"><b><\/b><span class=\"section-title-main\" style=\"font-size:108%;color:rgb(14, 40, 160);\">PAYS MEMBRES<\/span><b><\/b><\/h1><\/div>\n\n<div class=\"row\"  id=\"row-1693619022\">\n\n\n\t<div id=\"col-600051048\" class=\"col small-12 large-12\"  >\n\t\t\t\t<div class=\"col-inner\"  >\n\t\t\t\n\t\t\t\n\n\t<div class=\"img has-hover x md-x lg-x y md-y lg-y\" id=\"image_1688657872\">\n\t\t\t\t\t\t\t\t<div class=\"img-inner dark\" >\n\t\t\t<img loading=\"lazy\" decoding=\"async\" width=\"1020\" height=\"522\" src=\"https:\/\/igstwahub.org\/wp-content\/uploads\/2023\/08\/wahub_countries.png\" class=\"attachment-large size-large\" alt=\"countries of wahub\" srcset=\"https:\/\/igstwahub.org\/wp-content\/uploads\/2023\/08\/wahub_countries.png 1145w, https:\/\/igstwahub.org\/wp-content\/uploads\/2023\/08\/wahub_countries-782x400.png 782w, https:\/\/igstwahub.org\/wp-content\/uploads\/2023\/08\/wahub_countries-768x393.png 768w, https:\/\/igstwahub.org\/wp-content\/uploads\/2023\/08\/wahub_countries-600x307.png 600w\" sizes=\"auto, (max-width: 1020px) 100vw, 1020px\" \/>\t\t\t\t\t\t\n\t\t\t\t\t<\/div>\n\t\t\t\t\t\t\t\t\n<style>\n#image_1688657872 {\n  width: 100%;\n}\n<\/style>\n\t<\/div>\n\t\n\n\n\t\t<\/div>\n\t\t\t\t\t<\/div>\n\n\t\n\n<\/div>","protected":false},"excerpt":{"rendered":"","protected":false},"author":1,"featured_media":0,"parent":0,"menu_order":0,"comment_status":"closed","ping_status":"closed","template":"page-blank.php","meta":{"_themeisle_gutenberg_block_has_review":false,"cybocfi_hide_featured_image":"","footnotes":""},"class_list":["post-1022","page","type-page","status-publish","hentry"],"_links":{"self":[{"href":"https:\/\/igstwahub.org\/fr\/wp-json\/wp\/v2\/pages\/1022","targetHints":{"allow":["GET"]}}],"collection":[{"href":"https:\/\/igstwahub.org\/fr\/wp-json\/wp\/v2\/pages"}],"about":[{"href":"https:\/\/igstwahub.org\/fr\/wp-json\/wp\/v2\/types\/page"}],"author":[{"embeddable":true,"href":"https:\/\/igstwahub.org\/fr\/wp-json\/wp\/v2\/users\/1"}],"replies":[{"embeddable":true,"href":"https:\/\/igstwahub.org\/fr\/wp-json\/wp\/v2\/comments?post=1022"}],"version-history":[{"count":7,"href":"https:\/\/igstwahub.org\/fr\/wp-json\/wp\/v2\/pages\/1022\/revisions"}],"predecessor-version":[{"id":1029,"href":"https:\/\/igstwahub.org\/fr\/wp-json\/wp\/v2\/pages\/1022\/revisions\/1029"}],"wp:attachment":[{"href":"https:\/\/igstwahub.org\/fr\/wp-json\/wp\/v2\/media?parent=1022"}],"curies":[{"name":"wp","href":"https:\/\/api.w.org\/{rel}","templated":true}]}}