{"id":438,"date":"2023-08-31T11:01:09","date_gmt":"2023-08-31T11:01:09","guid":{"rendered":"https:\/\/igstwahub.org\/?page_id=438"},"modified":"2023-09-29T15:37:03","modified_gmt":"2023-09-29T15:37:03","slug":"our-story","status":"publish","type":"page","link":"https:\/\/igstwahub.org\/fr\/our-story\/","title":{"rendered":"Notre histoire"},"content":{"rendered":"<section class=\"section dark\" id=\"section_1455891587\">\n\t\t<div class=\"section-bg fill\" >\n\t\t\t<img loading=\"lazy\" decoding=\"async\" width=\"1145\" height=\"586\" src=\"https:\/\/igstwahub.org\/wp-content\/uploads\/2023\/08\/wahub_countries.png\" class=\"bg attachment- size-\" alt=\"countries of wahub\" \/>\t\t\t\t\t\t<div class=\"section-bg-overlay absolute fill\"><\/div>\n\t\t\t\n\n\t\t<\/div>\n\n\t\t\n\n\t\t<div class=\"section-content relative\">\n\t\t\t\n\n<div class=\"row\"  id=\"row-1263146855\">\n\n\n\t<div id=\"col-99927747\" class=\"col small-12 large-12\"  >\n\t\t\t\t<div class=\"col-inner text-center\"  >\n\t\t\t\n\t\t\t\n\n\t<div id=\"text-1555563861\" class=\"text\">\n\t\t\n\n<h1 class=\"\"><span style=\"font-size: 150%;\"><strong>BIENVENUE CHEZ iGST WAHUB<\/strong><\/span><\/h1>\n\t\t\n<style>\n#text-1555563861 {\n  text-align: center;\n}\n<\/style>\n\t<\/div>\n\t\n\n\t\t<\/div>\n\t\t\t\t\n<style>\n#col-99927747 > .col-inner {\n  padding: 20px 0px 0px 0px;\n  margin: -100px 0px 0px 0px;\n}\n@media (min-width:850px) {\n  #col-99927747 > .col-inner {\n    margin: -100px 0px 0px 0px;\n  }\n}\n<\/style>\n\t<\/div>\n\n\t\n\n<\/div>\n\n\t\t<\/div>\n\n\t\t\n<style>\n#section_1455891587 {\n  padding-top: 140px;\n  padding-bottom: 140px;\n  background-color: rgb(0, 0, 0);\n}\n#section_1455891587 .section-bg-overlay {\n  background-color: rgba(0, 0, 0, 0.692);\n}\n#section_1455891587 .section-bg img {\n  object-position: 21% 2%;\n}\n@media (min-width:850px) {\n  #section_1455891587 .section-bg-overlay {\n    background-color: rgba(0, 0, 0, 0.674);\n  }\n}\n<\/style>\n\t<\/section>\n\t\n\n\t<section class=\"section\" id=\"section_186331630\">\n\t\t<div class=\"section-bg fill\" >\n\t\t\t\t\t\t\t\t\t\n\t\t\t\n\n\t\t<\/div>\n\n\t\t\n\n\t\t<div class=\"section-content relative\">\n\t\t\t\n\n<div class=\"row\"  id=\"row-2042095402\">\n\n\n\t<div id=\"col-13873788\" class=\"col small-12 large-12\"  >\n\t\t\t\t<div class=\"col-inner\"  >\n\t\t\t\n\t\t\t\n\n<div class=\"row align-equal\"  id=\"row-745582889\">\n\n\n\t<div id=\"col-1456980364\" class=\"col medium-12 small-12 large-12\"  >\n\t\t\t\t<div class=\"col-inner text-center\"  >\n\t\t\t\n\t\t\t\n\n<p style=\"text-align: left;\"><span style=\"font-size: 100%; color: #000000;\">Salutations et bienvenue au Hub r\u00e9gional iGST Afrique de l&#039;Ouest (WAHub), une plateforme collaborative d\u00e9di\u00e9e \u00e0 la promotion de l&#039;action climatique, du partage des connaissances et du plaidoyer \u00e0 travers l&#039;Afrique de l&#039;Ouest, en particulier au sein des quinze (15) pays de la CEDEAO (Communaut\u00e9 \u00e9conomique des \u00c9tats de l&#039;Afrique de l&#039;Ouest). . <\/span><\/p>\n<p style=\"text-align: left;\"><span style=\"font-size: 100%; color: #000000;\">Dans le cadre des efforts mondiaux visant \u00e0 g\u00e9n\u00e9rer des contributions percutantes au processus du Bilan mondial (GST), le WAHub rassemble une communaut\u00e9 diversifi\u00e9e de parties prenantes de la soci\u00e9t\u00e9 civile climatique, de militants, de chercheurs et d&#039;organisations engag\u00e9es \u00e0 relever les d\u00e9fis urgents pos\u00e9s par le changement climatique dans notre pays. r\u00e9gion.<\/span><\/p>\n\n\t\t<\/div>\n\t\t\t\t\n<style>\n#col-1456980364 > .col-inner {\n  margin: -100px 0px 0px 0px;\n}\n<\/style>\n\t<\/div>\n\n\t\n\n\n<style>\n#row-745582889 > .col > .col-inner {\n  padding: 40px 40px 40px 40px;\n  background-color: rgb(255,255,255);\n}\n<\/style>\n<\/div>\n\n\t\t<\/div>\n\t\t\t\t\n<style>\n#col-13873788 > .col-inner {\n  margin: -100px 0px 0px 0px;\n}\n<\/style>\n\t<\/div>\n\n\t\n\n<\/div>\n\n\t\t<\/div>\n\n\t\t\n<style>\n#section_186331630 {\n  padding-top: 30px;\n  padding-bottom: 30px;\n  margin-bottom: -55px;\n  background-color: rgb(244, 244, 244);\n}\n<\/style>\n\t<\/section>\n\t\n\n\t<section class=\"section dark\" id=\"section_1194921280\">\n\t\t<div class=\"section-bg fill\" >\n\t\t\t\t\t\t\t\t\t<div class=\"section-bg-overlay absolute fill\"><\/div>\n\t\t\t\n\n\t\t<\/div>\n\n\t\t\n\n\t\t<div class=\"section-content relative\">\n\t\t\t\n\n\t<div id=\"gap-1580583448\" class=\"gap-element clearfix\" style=\"display:block; height:auto;\">\n\t\t\n<style>\n#gap-1580583448 {\n  padding-top: 30px;\n}\n<\/style>\n\t<\/div>\n\t\n\n<div class=\"row row-full-width align-center\"  id=\"row-295427869\">\n\n\n\t<div id=\"col-135617969\" class=\"col medium-11 small-12 large-7\"  >\n\t\t\t\t<div class=\"col-inner text-center\"  >\n\t\t\t\n\t\t\t\n\n\t<div id=\"text-714057769\" class=\"text\">\n\t\t\n\n<h1>\u00c0 propos de l&#039;iGST WAHUB<\/h1>\n\t\t\n<style>\n#text-714057769 {\n  font-size: 1.75rem;\n}\n<\/style>\n\t<\/div>\n\t\n<p>Le hub r\u00e9gional iGST pour l\u2019Afrique de l\u2019Ouest sert d\u2019interface vitale entre le contexte r\u00e9gional et le dialogue mondial plus large sur l\u2019action climatique. Notre mission est ancr\u00e9e dans la promotion et le renforcement d&#039;une alliance de la soci\u00e9t\u00e9 civile ouest-africaine collaborative et r\u00e9siliente, engag\u00e9e \u00e0 acc\u00e9l\u00e9rer le d\u00e9veloppement durable, \u00e0 susciter un engagement significatif et \u00e0 plaider en faveur d&#039;une action climatique transformatrice dans le bilan mondial de l&#039;accord de Paris.<\/p>\n\n\t\t<\/div>\n\t\t\t\t\t<\/div>\n\n\t\n\n<\/div>\n\n\t\t<\/div>\n\n\t\t\n<style>\n#section_1194921280 {\n  padding-top: 30px;\n  padding-bottom: 30px;\n  min-height: 290px;\n  background-color: rgb(52, 91, 185);\n}\n#section_1194921280 .section-bg-overlay {\n  background-color: rgba(0, 0, 0, 0.16);\n}\n@media (min-width:550px) {\n  #section_1194921280 {\n    min-height: 350px;\n  }\n}\n<\/style>\n\t<\/section>\n\t\n\n\t<section class=\"section\" id=\"section_62060291\">\n\t\t<div class=\"section-bg fill\" >\n\t\t\t\t\t\t\t\t\t\n\t\t\t\n\n\t\t<\/div>\n\n\t\t\n\n\t\t<div class=\"section-content relative\">\n\t\t\t\n\n<div class=\"row row-divided\"  id=\"row-745651764\">\n\n\n\t<div id=\"col-1671461879\" class=\"col medium-4 small-12 large-4\"  >\n\t\t\t\t<div class=\"col-inner text-center\"  >\n\t\t\t\n\t\t\t\n\n<h2><span style=\"color: #000000;\">Notre mission<\/span><\/h2>\n<p><span style=\"color: #282828;\">Autonomiser la soci\u00e9t\u00e9 civile climatique gr\u00e2ce \u00e0 une collaboration innovante, en favorisant une voie r\u00e9siliente et \u00e9quitable et en reliant les contributions d\u00e9termin\u00e9es au niveau national pour le bilan mondial dans le cadre de l&#039;Accord de Paris.<\/span><\/p>\n\n\t\t<\/div>\n\t\t\t\t\t<\/div>\n\n\t\n\n\t<div id=\"col-390324771\" class=\"col medium-8 small-12 large-8\"  >\n\t\t\t\t<div class=\"col-inner text-center\"  >\n\t\t\t\n\t\t\t\n\n<h2><span style=\"color: #000000;\"><strong>Nos objectifs<\/strong><\/span><\/h2>\n<p><span style=\"color: #000000;\">Les objectifs du p\u00f4le r\u00e9gional de l&#039;iGST pour l&#039;Afrique de l&#039;Ouest, en alignement avec le processus global de l&#039;iGST, sont d&#039;accro\u00eetre l&#039;exactitude, la transparence, la responsabilit\u00e9 et la pertinence de l&#039;iGST et de contribuer au discours mondial sur les priorit\u00e9s en mati\u00e8re de changement climatique d&#039;un point de vue ouest-africain. Cet objectif est atteint en r\u00e9unissant la communaut\u00e9 ouest-africaine du changement climatique pour plaider en faveur d\u2019une TPS repr\u00e9sentative, pertinente et r\u00e9active. Ainsi, le hub r\u00e9gional iGST-WA facilitera la participation efficace de la soci\u00e9t\u00e9 civile climatique ouest-africaine aux processus GST en fournissant une plate-forme permettant aux parties prenantes int\u00e9ress\u00e9es de s&#039;organiser et de s&#039;engager de mani\u00e8re significative, le hub favorise la collaboration et l&#039;implication efficace.<\/span><\/p>\n\n\t\t<\/div>\n\t\t\t\t\t<\/div>\n\n\t\n\n<\/div>\n\n\t\t<\/div>\n\n\t\t\n<style>\n#section_62060291 {\n  padding-top: 20px;\n  padding-bottom: 20px;\n}\n@media (min-width:550px) {\n  #section_62060291 {\n    padding-top: 20px;\n    padding-bottom: 20px;\n  }\n}\n<\/style>\n\t<\/section>\n\t\n<div class=\"container section-title-container\" ><h1 class=\"section-title section-title-center\"><b><\/b><span class=\"section-title-main\" style=\"font-size:108%;color:rgb(27, 67, 167);\"><i class=\"icon-angle-down\" ><\/i>PAYS MEMBRES<\/span><b><\/b><\/h1><\/div>\n\n<div class=\"row align-center\"  id=\"row-119637178\">\n\n\n\t<div id=\"col-104318401\" class=\"col small-12 large-12\"  >\n\t\t\t\t<div class=\"col-inner\"  >\n\t\t\t\n\t\t\t\n\n\t<div class=\"img has-hover x md-x lg-x y md-y lg-y\" id=\"image_453516043\">\n\t\t\t\t\t\t<div data-animate=\"fadeInUp\">\t\t<div class=\"img-inner dark\" >\n\t\t\t<img loading=\"lazy\" decoding=\"async\" width=\"1020\" height=\"522\" src=\"https:\/\/igstwahub.org\/wp-content\/uploads\/2023\/08\/wahub_countries.png\" class=\"attachment-large size-large\" alt=\"countries of wahub\" srcset=\"https:\/\/igstwahub.org\/wp-content\/uploads\/2023\/08\/wahub_countries.png 1145w, https:\/\/igstwahub.org\/wp-content\/uploads\/2023\/08\/wahub_countries-782x400.png 782w, https:\/\/igstwahub.org\/wp-content\/uploads\/2023\/08\/wahub_countries-768x393.png 768w, https:\/\/igstwahub.org\/wp-content\/uploads\/2023\/08\/wahub_countries-600x307.png 600w\" sizes=\"auto, (max-width: 1020px) 100vw, 1020px\" \/>\t\t\t\t\t\t\n\t\t\t\t\t<\/div>\n\t\t<\/div>\t\t\t\t\t\t\n<style>\n#image_453516043 {\n  width: 100%;\n}\n<\/style>\n\t<\/div>\n\t\n\n\n\t\t<\/div>\n\t\t\t\t\n<style>\n#col-104318401 > .col-inner {\n  margin: 0px 0px -50px 0px;\n}\n<\/style>\n\t<\/div>\n\n\t\n\n<\/div>\n\t<div id=\"gap-1315681613\" class=\"gap-element clearfix\" style=\"display:block; height:auto;\">\n\t\t\n<style>\n#gap-1315681613 {\n  padding-top: 30px;\n}\n<\/style>\n\t<\/div>","protected":false},"excerpt":{"rendered":"","protected":false},"author":1,"featured_media":0,"parent":0,"menu_order":0,"comment_status":"closed","ping_status":"closed","template":"page-blank.php","meta":{"_themeisle_gutenberg_block_has_review":false,"cybocfi_hide_featured_image":"","footnotes":""},"class_list":["post-438","page","type-page","status-publish","hentry"],"_links":{"self":[{"href":"https:\/\/igstwahub.org\/fr\/wp-json\/wp\/v2\/pages\/438","targetHints":{"allow":["GET"]}}],"collection":[{"href":"https:\/\/igstwahub.org\/fr\/wp-json\/wp\/v2\/pages"}],"about":[{"href":"https:\/\/igstwahub.org\/fr\/wp-json\/wp\/v2\/types\/page"}],"author":[{"embeddable":true,"href":"https:\/\/igstwahub.org\/fr\/wp-json\/wp\/v2\/users\/1"}],"replies":[{"embeddable":true,"href":"https:\/\/igstwahub.org\/fr\/wp-json\/wp\/v2\/comments?post=438"}],"version-history":[{"count":19,"href":"https:\/\/igstwahub.org\/fr\/wp-json\/wp\/v2\/pages\/438\/revisions"}],"predecessor-version":[{"id":705,"href":"https:\/\/igstwahub.org\/fr\/wp-json\/wp\/v2\/pages\/438\/revisions\/705"}],"wp:attachment":[{"href":"https:\/\/igstwahub.org\/fr\/wp-json\/wp\/v2\/media?parent=438"}],"curies":[{"name":"wp","href":"https:\/\/api.w.org\/{rel}","templated":true}]}}