{"id":461,"date":"2023-08-31T13:50:42","date_gmt":"2023-08-31T13:50:42","guid":{"rendered":"https:\/\/igstwahub.org\/?page_id=461"},"modified":"2023-10-05T21:02:28","modified_gmt":"2023-10-05T21:02:28","slug":"our-partners","status":"publish","type":"page","link":"https:\/\/igstwahub.org\/fr\/our-partners\/","title":{"rendered":"Nos partenaires"},"content":{"rendered":"<section class=\"section dark\" id=\"section_786032247\">\n\t\t<div class=\"section-bg fill\" >\n\t\t\t<img loading=\"lazy\" decoding=\"async\" width=\"1500\" height=\"994\" src=\"https:\/\/igstwahub.org\/wp-content\/uploads\/2023\/08\/paul-earle-xJ2tjuUHD9M-unsplash.jpg\" class=\"bg attachment- size-\" alt=\"\" \/>\t\t\t\t\t\t<div class=\"section-bg-overlay absolute fill\"><\/div>\n\t\t\t\n\n\t\t<\/div>\n\n\t\t\n\n\t\t<div class=\"section-content relative\">\n\t\t\t\n\n<div class=\"row row-full-width\"  id=\"row-431053998\">\n\n\n\t<div id=\"col-1285355501\" class=\"col small-12 large-12\"  >\n\t\t\t\t<div class=\"col-inner\"  >\n\t\t\t\n\t\t\t\n\n<div class=\"row row-collapse row-full-width\"  id=\"row-1511063224\">\n\n\n\t<div id=\"col-125926698\" class=\"col medium-12 small-12 large-12\"  >\n\t\t\t\t<div class=\"col-inner\"  >\n\t\t\t\n\t\t\t\n\n\t<div id=\"text-4062981678\" class=\"text\">\n\t\t\n\n<h1 class=\"uppercase\" style=\"text-align: center;\">ORGANISMES PARTENAIRES<\/h1>\n\t\t\n<style>\n#text-4062981678 {\n  font-size: 1.25rem;\n  text-align: center;\n}\n@media (min-width:850px) {\n  #text-4062981678 {\n    font-size: 1.5rem;\n    text-align: left;\n  }\n}\n<\/style>\n\t<\/div>\n\t\n\n\t\t<\/div>\n\t\t\t\t\t<\/div>\n\n\t\n\n<\/div>\n\n\t\t<\/div>\n\t\t\t\t\n<style>\n#col-1285355501 > .col-inner {\n  padding: 0px 5% 0px 5%;\n}\n@media (min-width:550px) {\n  #col-1285355501 > .col-inner {\n    padding: 0px 5% 0px 5%;\n  }\n}\n<\/style>\n\t<\/div>\n\n\t\n\n<\/div>\n\n\t\t<\/div>\n\n\t\t\n<style>\n#section_786032247 {\n  padding-top: 30px;\n  padding-bottom: 30px;\n  background-color: rgb(0,0,0);\n}\n#section_786032247 .section-bg-overlay {\n  background-color: rgba(0, 120, 128, 0.33);\n}\n<\/style>\n\t<\/section>\n\t\n\n\t<section class=\"section\" id=\"section_2088217676\">\n\t\t<div class=\"section-bg fill\" >\n\t\t\t\t\t\t\t\t\t\n\t\t\t\n\n\t\t<\/div>\n\n\t\t\n\n\t\t<div class=\"section-content relative\">\n\t\t\t\n\n<div class=\"row row-collapse align-middle\"  id=\"row-985501812\">\n\n\n\t<div id=\"col-2131715744\" class=\"col medium-12 small-12 large-7\"  >\n\t\t\t\t<div class=\"col-inner\"  >\n\t\t\t\n\t\t\t\n\n\t<div id=\"gap-1701981011\" class=\"gap-element clearfix\" style=\"display:block; height:auto;\">\n\t\t\n<style>\n#gap-1701981011 {\n  padding-top: 50px;\n}\n<\/style>\n\t<\/div>\n\t\n\n\t<div id=\"text-1207757309\" class=\"text\">\n\t\t\n\n<h2 style=\"text-align: center;\"><span style=\"color: #000000;\">FONDATION CLIMATEWORKS \u2013 NOTRE FINANCEUR<\/span><\/h2>\n\t\t\n<style>\n#text-1207757309 {\n  font-size: 2rem;\n  line-height: 1;\n}\n<\/style>\n\t<\/div>\n\t\n<p><strong>La Fondation ClimateWorks<\/strong> est une organisation philanthropique engag\u00e9e \u00e0 relever les d\u00e9fis urgents du changement climatique. Avec une approche globale, la fondation soutient des initiatives et des partenariats qui promeuvent des solutions pratiques pour r\u00e9duire les \u00e9missions de gaz \u00e0 effet de serre et construire un avenir plus durable. ClimateWorks collabore avec diverses parties prenantes, notamment des gouvernements, des organisations \u00e0 but non lucratif, des entreprises et des universit\u00e9s, pour stimuler les changements politiques, l&#039;innovation et les investissements qui acc\u00e9l\u00e8rent la transition vers une \u00e9conomie \u00e0 faibles \u00e9missions de carbone. Gr\u00e2ce \u00e0 l&#039;octroi de subventions strat\u00e9giques, \u00e0 la recherche et au plaidoyer, ClimateWorks s&#039;efforce d&#039;inspirer l&#039;action collective et de cr\u00e9er des impacts positifs durables sur la crise climatique mondiale.<\/p>\n<a data-animate=\"fadeInUp\" href=\"https:\/\/www.climateworks.org\/\" target=\"_blank\" class=\"button primary is-outline expand\" rel=\"noopener\"  style=\"padding:0px 0px 0px 0;\">\n\t\t<span>VISITEZ CLIMATEWORKS<\/span>\n\t<i class=\"icon-angle-right\" aria-hidden=\"true\" ><\/i><\/a>\n\n\n\n\t\t<\/div>\n\t\t\t\t\n<style>\n#col-2131715744 > .col-inner {\n  padding: 20px 20px 20px 20px;\n}\n@media (min-width:550px) {\n  #col-2131715744 > .col-inner {\n    padding: 30px 50px 40px 50px;\n  }\n}\n@media (min-width:850px) {\n  #col-2131715744 > .col-inner {\n    padding: 0px 20% 0px 15%;\n  }\n}\n<\/style>\n\t<\/div>\n\n\t\n\n\t<div id=\"col-1771788758\" class=\"col medium-12 large-5\"  >\n\t\t\t\t<div class=\"col-inner\"  >\n\t\t\t\n\t\t\t\n\n\t<div class=\"img has-hover x md-x lg-x y md-y lg-y\" id=\"image_129860978\">\n\t\t<a class=\"\" href=\"https:\/\/climateworks.org\/\" target=\"_blank\" rel=\"noopener\" >\t\t\t\t\t\t<div class=\"img-inner dark\" >\n\t\t\t<img loading=\"lazy\" decoding=\"async\" width=\"470\" height=\"110\" src=\"https:\/\/igstwahub.org\/wp-content\/uploads\/2023\/08\/climate_foundation.png\" class=\"attachment-large size-large\" alt=\"climate foundation\" \/>\t\t\t\t\t\t\n\t\t\t\t\t<\/div>\n\t\t\t\t\t\t<\/a>\t\t\n<style>\n#image_129860978 {\n  width: 100%;\n}\n<\/style>\n\t<\/div>\n\t\n\n\n\t\t<\/div>\n\t\t\t\t\t<\/div>\n\n\t\n\n<\/div>\n\n\t\t<\/div>\n\n\t\t\n<style>\n#section_2088217676 {\n  padding-top: 0px;\n  padding-bottom: 0px;\n}\n<\/style>\n\t<\/section>\n\t\n\n\t<section class=\"section\" id=\"section_85796416\">\n\t\t<div class=\"section-bg fill\" >\n\t\t\t\t\t\t\t\t\t\n\t\t\t\n\n\t\t<\/div>\n\n\t\t\n\n\t\t<div class=\"section-content relative\">\n\t\t\t\n\n<div class=\"row row-collapse align-middle\"  id=\"row-1298710921\">\n\n\n\t<div id=\"col-2090187798\" class=\"col medium-12 large-7\"  >\n\t\t\t\t<div class=\"col-inner\"  >\n\t\t\t\n\t\t\t\n\n\t<div id=\"gap-1489818765\" class=\"gap-element clearfix\" style=\"display:block; height:auto;\">\n\t\t\n<style>\n#gap-1489818765 {\n  padding-top: 30px;\n}\n<\/style>\n\t<\/div>\n\t\n\n\t<div id=\"text-3712337364\" class=\"text\">\n\t\t\n\n<h2 style=\"text-align: center;\"><span style=\"color: #000000;\">WASCALE<\/span><\/h2>\n\t\t\n<style>\n#text-3712337364 {\n  font-size: 2rem;\n  line-height: 1;\n}\n<\/style>\n\t<\/div>\n\t\n<p><span style=\"font-size: 100%;\"><strong>WASCALE<\/strong> est une organisation \u00e0 but non lucratif d\u00e9di\u00e9e \u00e0 relever les d\u00e9fis du changement climatique en Afrique de l&#039;Ouest \u00e0 travers la recherche, les services environnementaux et la fourniture de donn\u00e9es. Il op\u00e8re dans 12 pays membres, propose des programmes d&#039;\u00e9tudes sup\u00e9rieures et se concentre sur les strat\u00e9gies d&#039;adaptation et d&#039;att\u00e9nuation. WASCAL h\u00e9berge \u00e9galement le hub r\u00e9gional iGST-WA, collaborant avec les acteurs du climat et fournissant un soutien technique pour \u00e9tablir et maintenir les op\u00e9rations du hub.<\/span><\/p>\n<a data-animate=\"fadeInUp\" href=\"https:\/\/wascal.org\/\" target=\"_blank\" class=\"button primary is-outline expand\" rel=\"noopener\"  style=\"padding:0px 0px 0px 0;\">\n\t\t<span>Visitez WASCAL<\/span>\n\t<i class=\"icon-angle-right\" aria-hidden=\"true\" ><\/i><\/a>\n\n\n\n\t\t<\/div>\n\t\t\t\t\n<style>\n#col-2090187798 > .col-inner {\n  padding: 20px 20px 20px 20px;\n}\n@media (min-width:550px) {\n  #col-2090187798 > .col-inner {\n    padding: 30px 50px 40px 50px;\n  }\n}\n@media (min-width:850px) {\n  #col-2090187798 > .col-inner {\n    padding: 0px 20% 0px 15%;\n  }\n}\n<\/style>\n\t<\/div>\n\n\t\n\n\t<div id=\"col-424817915\" class=\"col medium-12 large-5\"  >\n\t\t\t\t<div class=\"col-inner\"  >\n\t\t\t\n\t\t\t\n\n\t<div class=\"img has-hover x md-x lg-x y md-y lg-y\" id=\"image_1622724168\">\n\t\t<a class=\"\" href=\"https:\/\/wascal.org\/\" target=\"_blank\" rel=\"noopener\" >\t\t\t\t\t\t<div class=\"img-inner image-cover dark\" style=\"padding-top:56.25%;\">\n\t\t\t<img loading=\"lazy\" decoding=\"async\" width=\"285\" height=\"168\" src=\"https:\/\/igstwahub.org\/wp-content\/uploads\/2023\/08\/wascal.png\" class=\"attachment-medium size-medium\" alt=\"\" \/>\t\t\t\t\t\t\n\t\t\t\t\t<\/div>\n\t\t\t\t\t\t<\/a>\t\t\n<style>\n#image_1622724168 {\n  width: 100%;\n}\n@media (min-width:850px) {\n  #image_1622724168 {\n    width: 100%;\n  }\n}\n<\/style>\n\t<\/div>\n\t\n\n\n\t\t<\/div>\n\t\t\t\t\t<\/div>\n\n\t\n\n<\/div>\n\n\t\t<\/div>\n\n\t\t\n<style>\n#section_85796416 {\n  padding-top: 0px;\n  padding-bottom: 0px;\n}\n<\/style>\n\t<\/section>\n\t\n\n\t<section class=\"section\" id=\"section_379657461\">\n\t\t<div class=\"section-bg fill\" >\n\t\t\t\t\t\t\t\t\t\n\t\t\t\n\n\t\t<\/div>\n\n\t\t\n\n\t\t<div class=\"section-content relative\">\n\t\t\t\n\n<div class=\"row row-collapse align-middle\"  id=\"row-148426173\">\n\n\n\t<div id=\"col-1972503439\" class=\"col medium-12 large-7\"  >\n\t\t\t\t<div class=\"col-inner\"  >\n\t\t\t\n\t\t\t\n\n\t<div id=\"gap-1554751234\" class=\"gap-element clearfix\" style=\"display:block; height:auto;\">\n\t\t\n<style>\n#gap-1554751234 {\n  padding-top: 50px;\n}\n<\/style>\n\t<\/div>\n\t\n\n\t<div id=\"text-2780031604\" class=\"text\">\n\t\t\n\n<h2 style=\"text-align: center;\"><span style=\"color: #000000;\">CSIR<\/span><\/h2>\n\t\t\n<style>\n#text-2780031604 {\n  font-size: 2rem;\n  line-height: 1;\n}\n<\/style>\n\t<\/div>\n\t\n<p><strong>CSIR<\/strong> est une organisation de recherche scientifique et technologique de premier plan qui recherche et d\u00e9veloppe des technologies transformatrices pour acc\u00e9l\u00e9rer la prosp\u00e9rit\u00e9 socio-\u00e9conomique en Afrique du Sud gr\u00e2ce \u00e0 une innovation de pointe. Sa mission est d&#039;innover et de localiser les technologies en collaboration tout en fournissant des solutions de connaissances pour le progr\u00e8s inclusif et durable de l&#039;industrie et de la soci\u00e9t\u00e9. Les croyances et les principes du CSIR, ainsi que son souhait d&#039;am\u00e9liorer la qualit\u00e9 de vie des Sud-Africains sont \u00c9PIQUES, c&#039;est-\u00e0-dire qu&#039;il recherche l&#039;excellence, c\u00e9l\u00e8bre les personnes, personnifie l&#039;int\u00e9grit\u00e9 et accueille la collaboration.<\/p>\n<a data-animate=\"fadeInUp\" href=\"https:\/\/csir.org.gh\/\" class=\"button primary is-outline expand\"  style=\"padding:0px 0px 0px 0;\">\n\t\t<span>VISITEZ LE CSIR<\/span>\n\t<i class=\"icon-angle-right\" aria-hidden=\"true\" ><\/i><\/a>\n\n\n\n\t\t<\/div>\n\t\t\t\t\n<style>\n#col-1972503439 > .col-inner {\n  padding: 20px 20px 20px 20px;\n}\n@media (min-width:550px) {\n  #col-1972503439 > .col-inner {\n    padding: 30px 50px 40px 50px;\n  }\n}\n@media (min-width:850px) {\n  #col-1972503439 > .col-inner {\n    padding: 0px 20% 0px 15%;\n  }\n}\n<\/style>\n\t<\/div>\n\n\t\n\n\t<div id=\"col-1449472553\" class=\"col medium-12 large-5\"  >\n\t\t\t\t<div class=\"col-inner\"  >\n\t\t\t\n\t\t\t\n\n\t<div class=\"img has-hover x md-x lg-x y md-y lg-y\" id=\"image_2078242440\">\n\t\t<a class=\"\" href=\"https:\/\/www.csir.co.za\/\" target=\"_blank\" rel=\"noopener\" >\t\t\t\t\t\t<div class=\"img-inner dark\" >\n\t\t\t<img loading=\"lazy\" decoding=\"async\" width=\"410\" height=\"132\" src=\"https:\/\/igstwahub.org\/wp-content\/uploads\/2023\/08\/csir.png\" class=\"attachment-large size-large\" alt=\"CSIR\" \/>\t\t\t\t\t\t\n\t\t\t\t\t<\/div>\n\t\t\t\t\t\t<\/a>\t\t\n<style>\n#image_2078242440 {\n  width: 100%;\n}\n<\/style>\n\t<\/div>\n\t\n\n\n\t\t<\/div>\n\t\t\t\t\t<\/div>\n\n\t\n\n<\/div>\n\n\t\t<\/div>\n\n\t\t\n<style>\n#section_379657461 {\n  padding-top: 0px;\n  padding-bottom: 0px;\n}\n<\/style>\n\t<\/section>\n\t\n\t<div id=\"gap-804001626\" class=\"gap-element clearfix\" style=\"display:block; height:auto;\">\n\t\t\n<style>\n#gap-804001626 {\n  padding-top: 30px;\n}\n<\/style>\n\t<\/div>","protected":false},"excerpt":{"rendered":"","protected":false},"author":1,"featured_media":0,"parent":0,"menu_order":0,"comment_status":"closed","ping_status":"closed","template":"page-blank.php","meta":{"_themeisle_gutenberg_block_has_review":false,"cybocfi_hide_featured_image":"","footnotes":""},"class_list":["post-461","page","type-page","status-publish","hentry"],"_links":{"self":[{"href":"https:\/\/igstwahub.org\/fr\/wp-json\/wp\/v2\/pages\/461","targetHints":{"allow":["GET"]}}],"collection":[{"href":"https:\/\/igstwahub.org\/fr\/wp-json\/wp\/v2\/pages"}],"about":[{"href":"https:\/\/igstwahub.org\/fr\/wp-json\/wp\/v2\/types\/page"}],"author":[{"embeddable":true,"href":"https:\/\/igstwahub.org\/fr\/wp-json\/wp\/v2\/users\/1"}],"replies":[{"embeddable":true,"href":"https:\/\/igstwahub.org\/fr\/wp-json\/wp\/v2\/comments?post=461"}],"version-history":[{"count":27,"href":"https:\/\/igstwahub.org\/fr\/wp-json\/wp\/v2\/pages\/461\/revisions"}],"predecessor-version":[{"id":858,"href":"https:\/\/igstwahub.org\/fr\/wp-json\/wp\/v2\/pages\/461\/revisions\/858"}],"wp:attachment":[{"href":"https:\/\/igstwahub.org\/fr\/wp-json\/wp\/v2\/media?parent=461"}],"curies":[{"name":"wp","href":"https:\/\/api.w.org\/{rel}","templated":true}]}}