{"id":492,"date":"2023-08-31T17:55:10","date_gmt":"2023-08-31T17:55:10","guid":{"rendered":"https:\/\/igstwahub.org\/?page_id=492"},"modified":"2024-02-13T18:33:07","modified_gmt":"2024-02-13T18:33:07","slug":"management-and-leadership","status":"publish","type":"page","link":"https:\/\/igstwahub.org\/fr\/management-and-leadership\/","title":{"rendered":"Gestion et leadership"},"content":{"rendered":"<section class=\"section dark\" id=\"section_1268870611\">\n\t\t<div class=\"section-bg fill\" >\n\t\t\t<img loading=\"lazy\" decoding=\"async\" width=\"1500\" height=\"994\" src=\"https:\/\/igstwahub.org\/wp-content\/uploads\/2023\/08\/paul-earle-xJ2tjuUHD9M-unsplash.jpg\" class=\"bg attachment- size-\" alt=\"\" \/>\t\t\t\t\t\t<div class=\"section-bg-overlay absolute fill\"><\/div>\n\t\t\t\n\n\t\t<\/div>\n\n\t\t\n\n\t\t<div class=\"section-content relative\">\n\t\t\t\n\n<div class=\"row row-full-width\"  id=\"row-951588716\">\n\n\n\t<div id=\"col-1778380264\" class=\"col small-12 large-12\"  >\n\t\t\t\t<div class=\"col-inner\"  >\n\t\t\t\n\t\t\t\n\n<div class=\"row row-collapse row-full-width\"  id=\"row-2002789834\">\n\n\n\t<div id=\"col-405719600\" class=\"col medium-12 small-12 large-12\"  >\n\t\t\t\t<div class=\"col-inner\"  >\n\t\t\t\n\t\t\t\n\n\t<div id=\"text-2104608816\" class=\"text\">\n\t\t\n\n<h1 style=\"text-align: center;\"><strong>Gestion et leadership<\/strong><\/h1>\n\t\t\n<style>\n#text-2104608816 {\n  font-size: 1.25rem;\n  text-align: center;\n}\n@media (min-width:850px) {\n  #text-2104608816 {\n    font-size: 1.5rem;\n    text-align: left;\n  }\n}\n<\/style>\n\t<\/div>\n\t\n\n\t\t<\/div>\n\t\t\t\t\t<\/div>\n\n\t\n\n<\/div>\n\n\t\t<\/div>\n\t\t\t\t\n<style>\n#col-1778380264 > .col-inner {\n  padding: 0px 5% 0px 5%;\n}\n@media (min-width:550px) {\n  #col-1778380264 > .col-inner {\n    padding: 0px 5% 0px 5%;\n  }\n}\n<\/style>\n\t<\/div>\n\n\t\n\n<\/div>\n\n\t\t<\/div>\n\n\t\t\n<style>\n#section_1268870611 {\n  padding-top: 30px;\n  padding-bottom: 30px;\n  background-color: rgb(0,0,0);\n}\n#section_1268870611 .section-bg-overlay {\n  background-color: rgba(0, 120, 128, 0.33);\n}\n<\/style>\n\t<\/section>\n\t\n\n\t<section class=\"section\" id=\"section_1414961796\">\n\t\t<div class=\"section-bg fill\" >\n\t\t\t\t\t\t\t\t\t\n\t\t\t\n\n\t\t<\/div>\n\n\t\t\n\n\t\t<div class=\"section-content relative\">\n\t\t\t\n\n<div class=\"row\"  id=\"row-1943893846\">\n\n\n\t<div id=\"col-1469180731\" class=\"col medium-5 small-12 large-4\"  >\n\t\t\t\t<div class=\"col-inner\"  >\n\t\t\t\n\t\t\t\n\n\t<div id=\"text-3349394410\" class=\"text\">\n\t\t\n\n<h4><span style=\"color: #000000;\"><strong>Groupes de travail\/r\u00e9seaux nationaux<\/strong><\/span><\/h4>\n\t\t\n<style>\n#text-3349394410 {\n  font-size: 1.75rem;\n}\n<\/style>\n\t<\/div>\n\t\n\n\t\t<\/div>\n\t\t\t\t\t<\/div>\n\n\t\n\n\t<div id=\"col-1972988518\" class=\"col medium-7 small-12 large-8\"  >\n\t\t\t\t<div class=\"col-inner\"  >\n\t\t\t\n\t\t\t\n\n<p><span style=\"font-size: 100%;\">Le cadre dynamique du Hub r\u00e9gional iGST pour l&#039;Afrique de l&#039;Ouest (WA Hub) \u00e9tend sa port\u00e9e gr\u00e2ce \u00e0 la cr\u00e9ation de groupes de travail\/r\u00e9seaux nationaux. Ces r\u00e9seaux, localis\u00e9s dans chaque pays membre de la CEDEAO, jouent un r\u00f4le crucial en favorisant l&#039;engagement populaire, en plaidant pour l&#039;action climatique et en contribuant au processus de bilan mondial.<\/span><\/p>\n\n\t\t<\/div>\n\t\t\t\t\t<\/div>\n\n\t\n\n<\/div>\n\n\t\t<\/div>\n\n\t\t\n<style>\n#section_1414961796 {\n  padding-top: 30px;\n  padding-bottom: 30px;\n}\n<\/style>\n\t<\/section>\n\t\n\n\t<section class=\"section\" id=\"section_797467344\">\n\t\t<div class=\"section-bg fill\" >\n\t\t\t\t\t\t\t\t\t\n\t\t\t\n\n\t\t<\/div>\n\n\t\t\n\n\t\t<div class=\"section-content relative\">\n\t\t\t\n\n<div class=\"row\"  id=\"row-1091414961\">\n\n\n\t<div id=\"col-1665372084\" class=\"col medium-4 small-12 large-4\"  >\n\t\t\t\t<div class=\"col-inner\"  >\n\t\t\t\n\t\t\t\n\n\t<div id=\"text-3526866116\" class=\"text\">\n\t\t\n\n<h4><span style=\"color: #000000;\"><strong>Le groupe central<\/strong><\/span><\/h4>\n\t\t\n<style>\n#text-3526866116 {\n  font-size: 1.75rem;\n}\n<\/style>\n\t<\/div>\n\t\n\n\t\t<\/div>\n\t\t\t\t\t<\/div>\n\n\t\n\n\t<div id=\"col-1257127146\" class=\"col medium-8 small-12 large-8\"  >\n\t\t\t\t<div class=\"col-inner\"  >\n\t\t\t\n\t\t\t\n\n<p>Au c\u0153ur de la structure du WA Hub se trouve le groupe de travail principal, une entit\u00e9 dirigeante fondamentale charg\u00e9e d&#039;assurer le fonctionnement fluide du hub. Guid\u00e9e par un secr\u00e9tariat engag\u00e9, cette assembl\u00e9e est compos\u00e9e de membres repr\u00e9sentant les groupes de travail\/r\u00e9seaux nationaux. En tant qu&#039;unit\u00e9 coh\u00e9rente, ils orientent et fa\u00e7onnent en collaboration la trajectoire du WA Hub, en alignant ses objectifs sur les objectifs primordiaux de l&#039;action climatique et du processus de bilan mondial.<\/p>\n\n\t\t<\/div>\n\t\t\t\t\t<\/div>\n\n\t\n\n<\/div>\n\n\t\t<\/div>\n\n\t\t\n<style>\n#section_797467344 {\n  padding-top: 30px;\n  padding-bottom: 30px;\n}\n<\/style>\n\t<\/section>\n\t\n\n\t<section class=\"section\" id=\"section_1518052308\">\n\t\t<div class=\"section-bg fill\" >\n\t\t\t\t\t\t\t\t\t\n\t\t\t\n\n\t\t<\/div>\n\n\t\t\n\n\t\t<div class=\"section-content relative\">\n\t\t\t\n\n<div class=\"row\"  id=\"row-595551747\">\n\n\n\t<div id=\"col-2000275360\" class=\"col medium-4 small-12 large-4\"  >\n\t\t\t\t<div class=\"col-inner\"  >\n\t\t\t\n\t\t\t\n\n\t<div id=\"text-3231111525\" class=\"text\">\n\t\t\n\n<h4><span style=\"color: #000000;\"><strong>Le Secr\u00e9tariat et son r\u00f4le en tant qu&#039;organe directeur du Hub<\/strong><\/span><\/h4>\n\t\t\n<style>\n#text-3231111525 {\n  font-size: 1.75rem;\n}\n<\/style>\n\t<\/div>\n\t\n\n\t\t<\/div>\n\t\t\t\t\t<\/div>\n\n\t\n\n\t<div id=\"col-1990538266\" class=\"col medium-8 small-12 large-8\"  >\n\t\t\t\t<div class=\"col-inner\"  >\n\t\t\t\n\t\t\t\n\n<p>Au c\u0153ur du Hub r\u00e9gional iGST Afrique de l&#039;Ouest (WA Hub) se trouve le Secr\u00e9tariat, une entit\u00e9 strat\u00e9gique et ax\u00e9e sur un objectif qui agit comme la boussole de navigation du hub. Le Secr\u00e9tariat assume un r\u00f4le crucial en orientant les efforts du WA Hub vers sa mission de d\u00e9fendre l&#039;action climatique, d&#039;articuler les pr\u00e9occupations de l&#039;Afrique de l&#039;Ouest et de s&#039;engager activement dans le processus de bilan mondial.<\/p>\n\n\t\t<\/div>\n\t\t\t\t\t<\/div>\n\n\t\n\n<\/div>\n\n\t\t<\/div>\n\n\t\t\n<style>\n#section_1518052308 {\n  padding-top: 30px;\n  padding-bottom: 30px;\n}\n<\/style>\n\t<\/section>\n\t\n<div class=\"row\"  id=\"row-1776040906\">\n\n\n\t<div id=\"col-2104839057\" class=\"col small-12 large-12\"  >\n\t\t\t\t<div class=\"col-inner box-shadow-3\"  >\n\t\t\t\n\t\t\t\n\n<div class=\"row row-collapse align-equal\"  id=\"row-2125953220\">\n\n\n\t<div id=\"col-368635718\" class=\"col small-12 large-12\"  >\n\t\t\t\t<div class=\"col-inner text-center dark\" style=\"background-color:rgb(80, 162, 0);\" >\n\t\t\t\n\t\t\t\n\n<div class=\"container section-title-container\" ><h1 class=\"section-title section-title-center\"><b><\/b><span class=\"section-title-main\" ><i class=\"icon-angle-down\" ><\/i>REJOIGNEZ-NOUS AUJOURD&#039;HUI<\/span><b><\/b><\/h1><\/div>\n\n\n\t<section class=\"section\" id=\"section_1943501346\">\n\t\t<div class=\"section-bg fill\" >\n\t\t\t\t\t\t\t\t\t<div class=\"section-bg-overlay absolute fill\"><\/div>\n\t\t\t\n\n\t\t<\/div>\n\n\t\t\n\n\t\t<div class=\"section-content relative\">\n\t\t\t\n\n<p><strong><em>\u00cates-vous int\u00e9ress\u00e9 \u00e0 rejoindre le hub r\u00e9gional iGST Afrique de l\u2019Ouest \u00e0 travers le r\u00e9seau national de votre pays\u00a0?<\/em><\/strong><\/p>\n<p>Nous appr\u00e9cions votre int\u00e9r\u00eat \u00e0 faire partie des r\u00e9seaux nationaux sp\u00e9cifiques du Hub r\u00e9gional iGST Afrique de l&#039;Ouest. Ces r\u00e9seaux jouent un r\u00f4le essentiel dans l\u2019amplification de l\u2019action climatique et la promotion de la collaboration au niveau local. Rejoignez-nous dans ce voyage vers un avenir durable et r\u00e9silient pour l\u2019Afrique de l\u2019Ouest. Ensemble, nous pouvons fa\u00e7onner les politiques, conduire le changement et inspirer des actions qui profitent non seulement \u00e0 notre r\u00e9gion, mais qui contribuent \u00e9galement aux efforts mondiaux visant \u00e0 faire face \u00e0 la crise climatique.<\/p>\n<p>Rejoignez-nous en remplissant le formulaire de demande d&#039;adh\u00e9sion via le lien fourni.<\/p>\n\n\t\t<\/div>\n\n\t\t\n<style>\n#section_1943501346 {\n  padding-top: 30px;\n  padding-bottom: 30px;\n  min-height: 300px;\n  background-color: rgba(17, 17, 17, 0.07);\n}\n#section_1943501346 .section-bg-overlay {\n  background-color: rgb(117, 199, 37);\n}\n@media (min-width:550px) {\n  #section_1943501346 {\n    min-height: 400px;\n  }\n}\n@media (min-width:850px) {\n  #section_1943501346 .section-bg-overlay {\n    background-color: rgba(49, 75, 107, 0.92);\n  }\n}\n<\/style>\n\t<\/section>\n\t\n<a href=\"https:\/\/forms.office.com\/Pages\/ResponsePage.aspx?id=dFWs7W5GpUWoD0XyV0KaSjbyTBO2c-NJjg4pudzR009UMDFFWUE4TFU5UUJVUjBMNldUUUdCTDE0NS4u\" target=\"_blank\" class=\"button primary is-shade is-larger box-shadow-4 box-shadow-5-hover\" rel=\"noopener\"  style=\"border-radius:10px;\">\n\t\t<span>ADH\u00c9RER MAINTENANT!<\/span>\n\t<\/a>\n\n\n\n\t\t<\/div>\n\t\t\t\t\t<\/div>\n\n\t\n\n\n<style>\n#row-2125953220 > .col > .col-inner {\n  padding: 10% 0px 10% 0px;\n  background-color: rgb(255,255,255);\n}\n@media (min-width:550px) {\n  #row-2125953220 > .col > .col-inner {\n    padding: 10% 10% 10% 10%;\n  }\n}\n<\/style>\n<\/div>\n\n\t\t<\/div>\n\t\t\t\t\n<style>\n#col-2104839057 > .col-inner {\n  margin: -70px 0px 10px 0px;\n}\n@media (min-width:550px) {\n  #col-2104839057 > .col-inner {\n    margin: -60px 0px 10px 0px;\n  }\n}\n@media (min-width:850px) {\n  #col-2104839057 > .col-inner {\n    margin: -50px 0px 0px 0px;\n  }\n}\n<\/style>\n\t<\/div>\n\n\t\n\n<\/div>\n\t<div id=\"gap-420979953\" class=\"gap-element clearfix\" style=\"display:block; height:auto;\">\n\t\t\n<style>\n#gap-420979953 {\n  padding-top: 15px;\n}\n@media (min-width:550px) {\n  #gap-420979953 {\n    padding-top: 10px;\n  }\n}\n@media (min-width:850px) {\n  #gap-420979953 {\n    padding-top: 30px;\n  }\n}\n<\/style>\n\t<\/div>\n\t\n\n<div class=\"container section-title-container\" ><h1 class=\"section-title section-title-center\"><b><\/b><span class=\"section-title-main\" style=\"font-size:108%;color:rgb(14, 40, 160);\">PAYS MEMBRES<\/span><b><\/b><\/h1><\/div>\n\n<div class=\"row\"  id=\"row-1703820516\">\n\n\n\t<div id=\"col-1340182016\" class=\"col small-12 large-12\"  >\n\t\t\t\t<div class=\"col-inner\"  >\n\t\t\t\n\t\t\t\n\n\t<div class=\"img has-hover x md-x lg-x y md-y lg-y\" id=\"image_1108156292\">\n\t\t\t\t\t\t\t\t<div class=\"img-inner dark\" >\n\t\t\t<img loading=\"lazy\" decoding=\"async\" width=\"1020\" height=\"522\" src=\"https:\/\/igstwahub.org\/wp-content\/uploads\/2023\/08\/wahub_countries.png\" class=\"attachment-large size-large\" alt=\"countries of wahub\" srcset=\"https:\/\/igstwahub.org\/wp-content\/uploads\/2023\/08\/wahub_countries.png 1145w, https:\/\/igstwahub.org\/wp-content\/uploads\/2023\/08\/wahub_countries-782x400.png 782w, https:\/\/igstwahub.org\/wp-content\/uploads\/2023\/08\/wahub_countries-768x393.png 768w, https:\/\/igstwahub.org\/wp-content\/uploads\/2023\/08\/wahub_countries-600x307.png 600w\" sizes=\"auto, (max-width: 1020px) 100vw, 1020px\" \/>\t\t\t\t\t\t\n\t\t\t\t\t<\/div>\n\t\t\t\t\t\t\t\t\n<style>\n#image_1108156292 {\n  width: 100%;\n}\n<\/style>\n\t<\/div>\n\t\n\n\n\t\t<\/div>\n\t\t\t\t\t<\/div>\n\n\t\n\n<\/div>","protected":false},"excerpt":{"rendered":"","protected":false},"author":1,"featured_media":0,"parent":0,"menu_order":0,"comment_status":"closed","ping_status":"closed","template":"page-blank.php","meta":{"_themeisle_gutenberg_block_has_review":false,"cybocfi_hide_featured_image":"","footnotes":""},"class_list":["post-492","page","type-page","status-publish","hentry"],"_links":{"self":[{"href":"https:\/\/igstwahub.org\/fr\/wp-json\/wp\/v2\/pages\/492","targetHints":{"allow":["GET"]}}],"collection":[{"href":"https:\/\/igstwahub.org\/fr\/wp-json\/wp\/v2\/pages"}],"about":[{"href":"https:\/\/igstwahub.org\/fr\/wp-json\/wp\/v2\/types\/page"}],"author":[{"embeddable":true,"href":"https:\/\/igstwahub.org\/fr\/wp-json\/wp\/v2\/users\/1"}],"replies":[{"embeddable":true,"href":"https:\/\/igstwahub.org\/fr\/wp-json\/wp\/v2\/comments?post=492"}],"version-history":[{"count":18,"href":"https:\/\/igstwahub.org\/fr\/wp-json\/wp\/v2\/pages\/492\/revisions"}],"predecessor-version":[{"id":1012,"href":"https:\/\/igstwahub.org\/fr\/wp-json\/wp\/v2\/pages\/492\/revisions\/1012"}],"wp:attachment":[{"href":"https:\/\/igstwahub.org\/fr\/wp-json\/wp\/v2\/media?parent=492"}],"curies":[{"name":"wp","href":"https:\/\/api.w.org\/{rel}","templated":true}]}}