{"id":513,"date":"2023-08-31T19:44:37","date_gmt":"2023-08-31T19:44:37","guid":{"rendered":"https:\/\/igstwahub.org\/?page_id=513"},"modified":"2024-02-13T18:28:40","modified_gmt":"2024-02-13T18:28:40","slug":"contact","status":"publish","type":"page","link":"https:\/\/igstwahub.org\/fr\/contact\/","title":{"rendered":"Contact"},"content":{"rendered":"<div class=\"banner has-hover\" id=\"banner-827821781\">\n          <div class=\"banner-inner fill\">\n        <div class=\"banner-bg fill\" >\n            <img loading=\"lazy\" decoding=\"async\" width=\"800\" height=\"290\" src=\"https:\/\/igstwahub.org\/wp-content\/uploads\/2023\/08\/igst_logo-800x290.jpg\" class=\"bg attachment-medium size-medium\" alt=\"wahub_logo\" \/>                        <div class=\"overlay\"><\/div>            \n                    <\/div>\n\t\t\n        <div class=\"banner-layers container\">\n            <div class=\"fill banner-link\"><\/div>            \n\n   <div id=\"text-box-163891701\" class=\"text-box banner-layer x50 md-x50 lg-x50 y50 md-y20 lg-y20 res-text\">\n                                <div class=\"text-box-content text dark\">\n              \n              <div class=\"text-inner text-center\">\n                  \n\n<h1 class=\"uppercase\"><strong>entrer en contact<\/strong><\/h1>\n<p>&nbsp;<\/p>\n\n              <\/div>\n           <\/div>\n                            \n<style>\n#text-box-163891701 {\n  width: 100%;\n}\n#text-box-163891701 .text-box-content {\n  font-size: 100%;\n}\n@media (min-width:550px) {\n  #text-box-163891701 {\n    width: 60%;\n  }\n}\n<\/style>\n    <\/div>\n \n\n        <\/div>\n      <\/div>\n\n            \n<style>\n#banner-827821781 {\n  padding-top: 150px;\n}\n#banner-827821781 .overlay {\n  background-color: rgba(0, 0, 0, 0.837);\n}\n#banner-827821781 .banner-bg img {\n  object-position: 67% 62%;\n}\n@media (min-width:550px) {\n  #banner-827821781 {\n    padding-top: 180px;\n  }\n}\n@media (min-width:850px) {\n  #banner-827821781 {\n    padding-top: 300px;\n  }\n}\n<\/style>\n  <\/div>\n\n\n<div class=\"row row-large\" style=\"max-width:1400px\" id=\"row-1287816523\">\n\n\n\t<div id=\"col-1909985891\" class=\"col small-12 large-12\"  >\n\t\t\t\t<div class=\"col-inner\" style=\"background-color:rgb(255, 255, 255);\" >\n\t\t\t\n\t\t\t\n\n<div class=\"row row-collapse row-full-width\"  id=\"row-1050083563\">\n\n\n\t<div id=\"col-535360014\" class=\"col medium-12 small-12 large-6\"  >\n\t\t\t\t<div class=\"col-inner\"  >\n\t\t\t\n\t\t\t\n\n<h2><span style=\"color: #000000;\"><strong><span style=\"font-size: 120%;\">Contactez-nous<\/span><\/strong><\/span><\/h2>\n<p>Vous souhaitez en savoir plus sur iGST WAHUB ou avez une suggestion en t\u00eate\u00a0? Communiquons.<\/p>\n\t<div id=\"gap-813553544\" class=\"gap-element clearfix\" style=\"display:block; height:auto;\">\n\t\t\n<style>\n#gap-813553544 {\n  padding-top: 20px;\n}\n@media (min-width:550px) {\n  #gap-813553544 {\n    padding-top: 20px;\n  }\n}\n@media (min-width:850px) {\n  #gap-813553544 {\n    padding-top: 30px;\n  }\n}\n<\/style>\n\t<\/div>\n\t\n\n<div class=\"row\"  id=\"row-700183656\">\n\n\n\t<div id=\"col-624000181\" class=\"col medium-6 small-12 large-6\"  >\n\t\t\t\t<div class=\"col-inner\"  >\n\t\t\t\n\t\t\t\n\n\t<div class=\"img has-hover x md-x lg-x y md-y lg-y\" id=\"image_713339096\">\n\t\t\t\t\t\t\t\t<div class=\"img-inner dark\" >\n\t\t\t<img loading=\"lazy\" decoding=\"async\" width=\"240\" height=\"240\" src=\"https:\/\/igstwahub.org\/wp-content\/uploads\/2023\/08\/map-pin-2-fill-2.png\" class=\"attachment-large size-large\" alt=\"\" \/>\t\t\t\t\t\t\n\t\t\t\t\t<\/div>\n\t\t\t\t\t\t\t\t\n<style>\n#image_713339096 {\n  width: 15%;\n}\n@media (min-width:550px) {\n  #image_713339096 {\n    width: 20%;\n  }\n}\n<\/style>\n\t<\/div>\n\t\n\n<h3 class=\"\"><span style=\"color: #000000;\"><strong>ALLOCUTION DU SECR\u00c9TARIAT D&#039;iGST AFRIQUE DE L&#039;OUEST<\/strong><\/span><\/h3>\n<p>\u00a0Centre de Comp\u00e9tence WASCAL, Ouagadougou, Burkina Faso.<\/p>\n<p>\u00a0<\/p>\n\n\t\t<\/div>\n\t\t\t\t\t<\/div>\n\n\t\n\n\t<div id=\"col-1098616310\" class=\"col medium-5 small-12 large-6\"  >\n\t\t\t\t<div class=\"col-inner\"  >\n\t\t\t\n\t\t\t\n\n\t<div class=\"img has-hover x md-x lg-x y md-y lg-y\" id=\"image_1098838747\">\n\t\t\t\t\t\t\t\t<div class=\"img-inner dark\" >\n\t\t\t<img loading=\"lazy\" decoding=\"async\" width=\"240\" height=\"240\" src=\"https:\/\/igstwahub.org\/wp-content\/uploads\/2023\/08\/mail-open-fill.png\" class=\"attachment-large size-large\" alt=\"\" \/>\t\t\t\t\t\t\n\t\t\t\t\t<\/div>\n\t\t\t\t\t\t\t\t\n<style>\n#image_1098838747 {\n  width: 15%;\n}\n@media (min-width:550px) {\n  #image_1098838747 {\n    width: 20%;\n  }\n}\n<\/style>\n\t<\/div>\n\t\n\n<h3 class=\"\"><span style=\"color: #000000;\"><strong>iGST WAHUB E-MAIL<\/strong><\/span><\/h3>\n<p><a href=\"mailto:igstwahub@wascal.org\">igstwahub@wascal.org<\/a><\/p>\n\n\t\t<\/div>\n\t\t\t\t\t<\/div>\n\n\t\n\n<\/div>\n<div class=\"row\"  id=\"row-1594909553\">\n\n\n\t<div id=\"col-883725027\" class=\"col medium-6 small-12 large-6\"  >\n\t\t\t\t<div class=\"col-inner\"  >\n\t\t\t\n\t\t\t\n\n<h3 class=\"uppercase\"><strong><span style=\"color: #000000;\">Suivez-nous<\/span><\/strong><\/h3>\n\t<div id=\"gap-660850994\" class=\"gap-element clearfix\" style=\"display:block; height:auto;\">\n\t\t\n<style>\n#gap-660850994 {\n  padding-top: 15px;\n}\n<\/style>\n\t<\/div>\n\t\n\n<div class=\"social-icons follow-icons\" style=\"font-size:101%\"><a href=\"https:\/\/www.facebook.com\/igsthub\" target=\"_blank\" data-label=\"Facebook\" class=\"icon primary button circle facebook tooltip\" title=\"Nous suivons sur Facebook\" aria-label=\"Nous suivons sur Facebook\" rel=\"noopener nofollow\" ><i class=\"icon-facebook\" ><\/i><\/a><a href=\"https:\/\/twitter.com\/IgstHub\" target=\"_blank\" data-label=\"Instagram\" class=\"icon primary button circle instagram tooltip\" title=\"Nous suivons sur Instagram\" aria-label=\"Nous suivons sur Instagram\" rel=\"noopener nofollow\" ><i class=\"icon-instagram\" ><\/i><\/a><a href=\"mailto:info@isgtwahub.org\" data-label=\"E-mail\" target=\"_blank\" class=\"icon primary button circle email tooltip\" title=\"Nous envoyons un email\" aria-label=\"Nous envoyons un email\" rel=\"nofollow noopener\" ><i class=\"icon-envelop\" ><\/i><\/a><a href=\"https:\/\/www.linkedin.com\/company\/93378808\" data-label=\"LinkedIn\" target=\"_blank\" class=\"icon primary button circle linkedin tooltip\" title=\"Nous suivons sur LinkedIn\" aria-label=\"Nous suivons sur LinkedIn\" rel=\"noopener nofollow\" ><i class=\"icon-linkedin\" ><\/i><\/a><\/div>\n\n\n\t\t<\/div>\n\t\t\t\t\t<\/div>\n\n\t\n\n\t<div id=\"col-1747029401\" class=\"col medium-6 small-12 large-6\"  >\n\t\t\t\t<div class=\"col-inner\"  >\n\t\t\t\n\t\t\t\n\n<h3 class=\"uppercase\"><span style=\"color: #000000;\"><strong>t\u00e9l\u00e9phone<\/strong><\/span><\/h3>\n<p><a href=\"tel:(+226) 25 37 54 23\">(+226) 25 37 54 23<\/a><br \/><a href=\"tel:(+226)\u00a078 97 40 35\">(+226)\u00a078 97 40 35<\/a><\/p>\n\t<div id=\"gap-1098726628\" class=\"gap-element clearfix\" style=\"display:block; height:auto;\">\n\t\t\n<style>\n#gap-1098726628 {\n  padding-top: 30px;\n}\n<\/style>\n\t<\/div>\n\t\n\n\n\t\t<\/div>\n\t\t\t\t\t<\/div>\n\n\t\n\n<\/div>\n\n\t\t<\/div>\n\t\t\t\t\n<style>\n#col-535360014 > .col-inner {\n  padding: 0px 0px 0px 20px;\n}\n<\/style>\n\t<\/div>\n\n\t\n\n\t<div id=\"col-170673850\" class=\"col medium-12 small-12 large-6\"  >\n\t\t\t\t<div class=\"col-inner\"  >\n\t\t\t\n\t\t\t\n\n<h2><span style=\"color: #054505;\"><strong><span style=\"font-size: 120%;\">Enqu\u00eate? Faites-le ici<\/span><\/strong><\/span><\/h2>\n\t<div id=\"gap-654380395\" class=\"gap-element clearfix\" style=\"display:block; height:auto;\">\n\t\t\n<style>\n#gap-654380395 {\n  padding-top: 20px;\n}\n@media (min-width:550px) {\n  #gap-654380395 {\n    padding-top: 20px;\n  }\n}\n@media (min-width:850px) {\n  #gap-654380395 {\n    padding-top: 30px;\n  }\n}\n<\/style>\n\t<\/div>\n\t\n\n\n<div class=\"wpcf7 no-js\" id=\"wpcf7-f23-o1\" lang=\"en-US\" dir=\"ltr\" data-wpcf7-id=\"23\">\n<div class=\"screen-reader-response\"><p role=\"status\" aria-live=\"polite\" aria-atomic=\"true\"><\/p> <ul><\/ul><\/div>\n<form action=\"\/fr\/wp-json\/wp\/v2\/pages\/513#wpcf7-f23-o1\" method=\"post\" class=\"wpcf7-form init\" aria-label=\"Formulaire de contact\" novalidate=\"novalidate\" data-status=\"init\" data-trp-original-action=\"\/fr\/wp-json\/wp\/v2\/pages\/513#wpcf7-f23-o1\">\n<fieldset class=\"hidden-fields-container\"><input type=\"hidden\" name=\"_wpcf7\" value=\"23\" \/><input type=\"hidden\" name=\"_wpcf7_version\" value=\"6.1.5\" \/><input type=\"hidden\" name=\"_wpcf7_locale\" value=\"en_US\" \/><input type=\"hidden\" name=\"_wpcf7_unit_tag\" value=\"wpcf7-f23-o1\" \/><input type=\"hidden\" name=\"_wpcf7_container_post\" value=\"0\" \/><input type=\"hidden\" name=\"_wpcf7_posted_data_hash\" value=\"\" \/>\n<\/fieldset>\n<p><label>Votre Nom (requis)<\/label><br \/>\n<span class=\"wpcf7-form-control-wrap\" data-name=\"your-name\"><input size=\"40\" maxlength=\"400\" class=\"wpcf7-form-control wpcf7-text wpcf7-validates-as-required\" aria-required=\"true\" aria-invalid=\"false\" value=\"\" type=\"text\" name=\"your-name\" \/><\/span>\n<\/p>\n<p><label>Votre Email (requis)<\/label><br \/>\n<span class=\"wpcf7-form-control-wrap\" data-name=\"your-email\"><input size=\"40\" maxlength=\"400\" class=\"wpcf7-form-control wpcf7-email wpcf7-validates-as-required wpcf7-text wpcf7-validates-as-email\" aria-required=\"true\" aria-invalid=\"false\" value=\"\" type=\"email\" name=\"your-email\" \/><\/span>\n<\/p>\n<p><label>Votre message (obligatoire)<\/label><br \/>\n<span class=\"wpcf7-form-control-wrap\" data-name=\"your-message\"><textarea cols=\"40\" rows=\"10\" maxlength=\"2000\" class=\"wpcf7-form-control wpcf7-textarea\" aria-invalid=\"false\" name=\"your-message\"><\/textarea><\/span>\n<\/p>\n<p><input class=\"wpcf7-form-control wpcf7-submit has-spinner button\" type=\"submit\" value=\"Soumettre\" \/>\n<\/p><div class=\"wpcf7-response-output\" aria-hidden=\"true\"><\/div>\n<input type=\"hidden\" name=\"trp-form-language\" value=\"fr\"\/><\/form>\n<\/div>\n\n\n\n\t\t<\/div>\n\t\t\t\t\t<\/div>\n\n\t\n\n\n<style>\n#row-1050083563 > .col > .col-inner {\n  padding: 0px 15px 0px 15px;\n}\n<\/style>\n<\/div>\n\n\t\t<\/div>\n\t\t\t\t\n<style>\n#col-1909985891 > .col-inner {\n  padding: 50px 20px 0px 20px;\n  margin: -80px 0px 0px 0px;\n}\n@media (min-width:550px) {\n  #col-1909985891 > .col-inner {\n    padding: 50px 20px 30px 20px;\n    margin: -90px 0px 0px 0px;\n  }\n}\n@media (min-width:850px) {\n  #col-1909985891 > .col-inner {\n    padding: 66px 5% 16px 5%;\n    margin: -150px 0px 0px 0px;\n  }\n}\n<\/style>\n\t<\/div>\n\n\t\n\n<\/div>\n<div class=\"row\"  id=\"row-761682661\">\n\n\n\t<div id=\"col-1260531942\" class=\"col small-12 large-12\"  >\n\t\t\t\t<div class=\"col-inner box-shadow-3\"  >\n\t\t\t\n\t\t\t\n\n<div class=\"row row-collapse align-equal\"  id=\"row-2032150518\">\n\n\n\t<div id=\"col-2095187160\" class=\"col small-12 large-12\"  >\n\t\t\t\t<div class=\"col-inner text-center dark\" style=\"background-color:rgb(80, 162, 0);\" >\n\t\t\t\n\t\t\t\n\n<div class=\"container section-title-container\" ><h1 class=\"section-title section-title-center\"><b><\/b><span class=\"section-title-main\" ><i class=\"icon-angle-down\" ><\/i>REJOIGNEZ-NOUS AUJOURD&#039;HUI<\/span><b><\/b><\/h1><\/div>\n\n\n\t<section class=\"section\" id=\"section_173689025\">\n\t\t<div class=\"section-bg fill\" >\n\t\t\t\t\t\t\t\t\t<div class=\"section-bg-overlay absolute fill\"><\/div>\n\t\t\t\n\n\t\t<\/div>\n\n\t\t\n\n\t\t<div class=\"section-content relative\">\n\t\t\t\n\n<p><strong><em>\u00cates-vous int\u00e9ress\u00e9 \u00e0 rejoindre le hub r\u00e9gional iGST Afrique de l\u2019Ouest \u00e0 travers le r\u00e9seau national de votre pays\u00a0?<\/em><\/strong><\/p>\n<p>Nous appr\u00e9cions votre int\u00e9r\u00eat \u00e0 faire partie des r\u00e9seaux nationaux sp\u00e9cifiques du Hub r\u00e9gional iGST Afrique de l&#039;Ouest. Ces r\u00e9seaux jouent un r\u00f4le essentiel dans l\u2019amplification de l\u2019action climatique et la promotion de la collaboration au niveau local. Rejoignez-nous dans ce voyage vers un avenir durable et r\u00e9silient pour l\u2019Afrique de l\u2019Ouest. Ensemble, nous pouvons fa\u00e7onner les politiques, conduire le changement et inspirer des actions qui profitent non seulement \u00e0 notre r\u00e9gion, mais qui contribuent \u00e9galement aux efforts mondiaux visant \u00e0 faire face \u00e0 la crise climatique.<\/p>\n<p>Rejoignez-nous en remplissant le formulaire de demande d&#039;adh\u00e9sion via le lien fourni.<\/p>\n\n\t\t<\/div>\n\n\t\t\n<style>\n#section_173689025 {\n  padding-top: 30px;\n  padding-bottom: 30px;\n  min-height: 300px;\n  background-color: rgba(17, 17, 17, 0.07);\n}\n#section_173689025 .section-bg-overlay {\n  background-color: rgb(117, 199, 37);\n}\n@media (min-width:550px) {\n  #section_173689025 {\n    min-height: 400px;\n  }\n}\n@media (min-width:850px) {\n  #section_173689025 .section-bg-overlay {\n    background-color: rgba(49, 75, 107, 0.92);\n  }\n}\n<\/style>\n\t<\/section>\n\t\n<a href=\"https:\/\/forms.office.com\/Pages\/ResponsePage.aspx?id=dFWs7W5GpUWoD0XyV0KaSjbyTBO2c-NJjg4pudzR009UMDFFWUE4TFU5UUJVUjBMNldUUUdCTDE0NS4u\" target=\"_blank\" class=\"button primary is-shade is-larger box-shadow-4 box-shadow-5-hover\" rel=\"noopener\"  style=\"border-radius:10px;\">\n\t\t<span>ADH\u00c9RER MAINTENANT!<\/span>\n\t<\/a>\n\n\n\n\t\t<\/div>\n\t\t\t\t\n<style>\n#col-2095187160 > .col-inner {\n  margin: 0px 0px 0px 0px;\n}\n<\/style>\n\t<\/div>\n\n\t\n\n\n<style>\n#row-2032150518 > .col > .col-inner {\n  padding: 10% 0px 10% 0px;\n  background-color: rgb(255,255,255);\n}\n@media (min-width:550px) {\n  #row-2032150518 > .col > .col-inner {\n    padding: 10% 10% 10% 10%;\n  }\n}\n<\/style>\n<\/div>\n\n\t\t<\/div>\n\t\t\t\t\n<style>\n#col-1260531942 > .col-inner {\n  margin: 0px 0px 10px 0px;\n}\n@media (min-width:550px) {\n  #col-1260531942 > .col-inner {\n    margin: 0px 0px 10px 0px;\n  }\n}\n@media (min-width:850px) {\n  #col-1260531942 > .col-inner {\n    margin: 0px 0px 0px 0px;\n  }\n}\n<\/style>\n\t<\/div>\n\n\t\n\n<\/div>\n\t<div id=\"gap-730664373\" class=\"gap-element clearfix\" style=\"display:block; height:auto;\">\n\t\t\n<style>\n#gap-730664373 {\n  padding-top: 15px;\n}\n@media (min-width:550px) {\n  #gap-730664373 {\n    padding-top: 15px;\n  }\n}\n@media (min-width:850px) {\n  #gap-730664373 {\n    padding-top: 30px;\n  }\n}\n<\/style>\n\t<\/div>\n\t\n\n<div class=\"container section-title-container\" ><h1 class=\"section-title section-title-center\"><b><\/b><span class=\"section-title-main\" style=\"font-size:108%;color:rgb(14, 40, 160);\">obtenir des directions<\/span><b><\/b><\/h1><\/div>\n\n<div class=\"row\"  id=\"row-863264951\">\n\n\n\t<div id=\"col-1449244669\" class=\"col small-12 large-12\"  >\n\t\t\t\t<div class=\"col-inner text-center\"  >\n\t\t\t\n\t\t\t\n\n\n\n<iframe src=\"https:\/\/www.google.com\/maps\/embed?pb=!1m18!1m12!1m3!1d507.361287698035!2d-1.50148970580019!3d12.328292561003623!2m3!1f0!2f0!3f0!3m2!1i1024!2i768!4f13.1!3m3!1m2!1s0xe2ebde9d2b4dae7%3A0x301e161a1b5af35b!2sWascal%20Competence%20Center!5e1!3m2!1sen!2sgh!4v1695922761860!5m2!1sen!2sgh\" width=\"600\" height=\"450\" style=\"border:0;\" allowfullscreen=\"\" loading=\"lazy\" referrerpolicy=\"no-referrer-when-downgrade\"><\/iframe>\n\n\n\t\t<\/div>\n\t\t\t\t\t<\/div>\n\n\t\n\n<\/div>\n<div class=\"container section-title-container\" ><h1 class=\"section-title section-title-center\"><b><\/b><span class=\"section-title-main\" style=\"font-size:108%;color:rgb(14, 40, 160);\">PAYS MEMBRES<\/span><b><\/b><\/h1><\/div>\n\n<div class=\"row\"  id=\"row-154060462\">\n\n\n\t<div id=\"col-183221106\" class=\"col small-12 large-12\"  >\n\t\t\t\t<div class=\"col-inner\"  >\n\t\t\t\n\t\t\t\n\n\t<div class=\"img has-hover x md-x lg-x y md-y lg-y\" id=\"image_1627648644\">\n\t\t\t\t\t\t\t\t<div class=\"img-inner dark\" >\n\t\t\t<img loading=\"lazy\" decoding=\"async\" width=\"1020\" height=\"522\" src=\"https:\/\/igstwahub.org\/wp-content\/uploads\/2023\/08\/wahub_countries.png\" class=\"attachment-large size-large\" alt=\"countries of wahub\" srcset=\"https:\/\/igstwahub.org\/wp-content\/uploads\/2023\/08\/wahub_countries.png 1145w, https:\/\/igstwahub.org\/wp-content\/uploads\/2023\/08\/wahub_countries-782x400.png 782w, https:\/\/igstwahub.org\/wp-content\/uploads\/2023\/08\/wahub_countries-768x393.png 768w, https:\/\/igstwahub.org\/wp-content\/uploads\/2023\/08\/wahub_countries-600x307.png 600w\" sizes=\"auto, (max-width: 1020px) 100vw, 1020px\" \/>\t\t\t\t\t\t\n\t\t\t\t\t<\/div>\n\t\t\t\t\t\t\t\t\n<style>\n#image_1627648644 {\n  width: 100%;\n}\n<\/style>\n\t<\/div>\n\t\n\n\n\t\t<\/div>\n\t\t\t\t\t<\/div>\n\n\t\n\n<\/div>","protected":false},"excerpt":{"rendered":"","protected":false},"author":1,"featured_media":0,"parent":0,"menu_order":0,"comment_status":"closed","ping_status":"closed","template":"page-blank.php","meta":{"_themeisle_gutenberg_block_has_review":false,"cybocfi_hide_featured_image":"","footnotes":""},"class_list":["post-513","page","type-page","status-publish","hentry"],"_links":{"self":[{"href":"https:\/\/igstwahub.org\/fr\/wp-json\/wp\/v2\/pages\/513","targetHints":{"allow":["GET"]}}],"collection":[{"href":"https:\/\/igstwahub.org\/fr\/wp-json\/wp\/v2\/pages"}],"about":[{"href":"https:\/\/igstwahub.org\/fr\/wp-json\/wp\/v2\/types\/page"}],"author":[{"embeddable":true,"href":"https:\/\/igstwahub.org\/fr\/wp-json\/wp\/v2\/users\/1"}],"replies":[{"embeddable":true,"href":"https:\/\/igstwahub.org\/fr\/wp-json\/wp\/v2\/comments?post=513"}],"version-history":[{"count":29,"href":"https:\/\/igstwahub.org\/fr\/wp-json\/wp\/v2\/pages\/513\/revisions"}],"predecessor-version":[{"id":1011,"href":"https:\/\/igstwahub.org\/fr\/wp-json\/wp\/v2\/pages\/513\/revisions\/1011"}],"wp:attachment":[{"href":"https:\/\/igstwahub.org\/fr\/wp-json\/wp\/v2\/media?parent=513"}],"curies":[{"name":"wp","href":"https:\/\/api.w.org\/{rel}","templated":true}]}}