{"id":614,"date":"2023-09-28T06:19:10","date_gmt":"2023-09-28T06:19:10","guid":{"rendered":"https:\/\/igstwahub.org\/?page_id=614"},"modified":"2024-02-22T11:54:58","modified_gmt":"2024-02-22T11:54:58","slug":"gallery","status":"publish","type":"page","link":"https:\/\/igstwahub.org\/fr\/gallery\/","title":{"rendered":"NOTRE GALERIE"},"content":{"rendered":"<section class=\"section dark\" id=\"section_334853451\">\n\t\t<div class=\"section-bg fill\" >\n\t\t\t<img loading=\"lazy\" decoding=\"async\" width=\"1500\" height=\"994\" src=\"https:\/\/igstwahub.org\/wp-content\/uploads\/2023\/08\/paul-earle-xJ2tjuUHD9M-unsplash.jpg\" class=\"bg attachment- size-\" alt=\"\" \/>\t\t\t\t\t\t<div class=\"section-bg-overlay absolute fill\"><\/div>\n\t\t\t\n\n\t\t<\/div>\n\n\t\t\n\n\t\t<div class=\"section-content relative\">\n\t\t\t\n\n<div class=\"row row-full-width\"  id=\"row-1930907443\">\n\n\n\t<div id=\"col-1452416918\" class=\"col small-12 large-12\"  >\n\t\t\t\t<div class=\"col-inner\"  >\n\t\t\t\n\t\t\t\n\n<div class=\"row row-collapse row-full-width\"  id=\"row-1148941722\">\n\n\n\t<div id=\"col-1495765702\" class=\"col medium-12 small-12 large-12\"  >\n\t\t\t\t<div class=\"col-inner\"  >\n\t\t\t\n\t\t\t\n\n\t<div id=\"text-807751266\" class=\"text\">\n\t\t\n\n<h1 class=\"uppercase\" style=\"text-align: center;\">notre galerie<\/h1>\n\t\t\n<style>\n#text-807751266 {\n  font-size: 1.25rem;\n  text-align: center;\n}\n@media (min-width:850px) {\n  #text-807751266 {\n    font-size: 1.5rem;\n    text-align: left;\n  }\n}\n<\/style>\n\t<\/div>\n\t\n\n\t\t<\/div>\n\t\t\t\t\n<style>\n#col-1495765702 > .col-inner {\n  padding: 30px 0px 0px 0px;\n  margin: 0px 0px 0px 0px;\n}\n<\/style>\n\t<\/div>\n\n\t\n\n<\/div>\n\n\t\t<\/div>\n\t\t\t\t\n<style>\n#col-1452416918 > .col-inner {\n  padding: 0px 5% 0px 5%;\n  margin: -35px 0px -50px 0px;\n}\n@media (min-width:550px) {\n  #col-1452416918 > .col-inner {\n    padding: 0px 5% 0px 5%;\n    margin: -40px 0px -50px 0px;\n  }\n}\n@media (min-width:850px) {\n  #col-1452416918 > .col-inner {\n    margin: -50px 0px -50px 0px;\n  }\n}\n<\/style>\n\t<\/div>\n\n\t\n\n<\/div>\n\n\t\t<\/div>\n\n\t\t\n<style>\n#section_334853451 {\n  padding-top: 30px;\n  padding-bottom: 30px;\n  background-color: rgb(0,0,0);\n}\n#section_334853451 .section-bg-overlay {\n  background-color: rgba(0, 120, 128, 0.33);\n}\n<\/style>\n\t<\/section>\n\t\n\t<div id=\"gap-598162483\" class=\"gap-element clearfix\" style=\"display:block; height:auto;\">\n\t\t\n<style>\n#gap-598162483 {\n  padding-top: 30px;\n}\n<\/style>\n\t<\/div>\n\t\n\n\n  \n    <div class=\"row large-columns-3 medium-columns- small-columns-1\" >\n  <div class=\"col post-item\" data-animate=\"fadeInUp\">\n\t\t\t<div class=\"col-inner\">\n\t\t\t\t<div class=\"box box-bounce box-text-bottom box-blog-post has-hover\">\n            \t\t\t\t\t<div class=\"box-image\" >\n  \t\t\t\t\t\t<div class=\"image-cover\" style=\"padding-top:75%;\">\n\t\t\t\t\t\t\t<a href=\"https:\/\/igstwahub.org\/fr\/gallery\/1488\/\" class=\"plain\" aria-label=\"Atelier r\u00e9gional : Diffusion des engagements des pays d&#039;Afrique de l&#039;Ouest en mati\u00e8re d&#039;att\u00e9nuation et d&#039;adaptation au changement climatique\">\n\t\t\t\t\t\t\t\t<img loading=\"lazy\" decoding=\"async\" width=\"500\" height=\"400\" src=\"https:\/\/igstwahub.org\/wp-content\/uploads\/2025\/09\/DSC_1427-500x400.jpg\" class=\"attachment-medium size-medium wp-post-image\" alt=\"\" srcset=\"https:\/\/igstwahub.org\/wp-content\/uploads\/2025\/09\/DSC_1427-500x400.jpg 500w, https:\/\/igstwahub.org\/wp-content\/uploads\/2025\/09\/DSC_1427-1000x800.jpg 1000w, https:\/\/igstwahub.org\/wp-content\/uploads\/2025\/09\/DSC_1427-768x614.jpg 768w, https:\/\/igstwahub.org\/wp-content\/uploads\/2025\/09\/DSC_1427-1536x1229.jpg 1536w, https:\/\/igstwahub.org\/wp-content\/uploads\/2025\/09\/DSC_1427-15x12.jpg 15w, https:\/\/igstwahub.org\/wp-content\/uploads\/2025\/09\/DSC_1427.jpg 1969w\" sizes=\"auto, (max-width: 500px) 100vw, 500px\" \/>\t\t\t\t\t\t\t<\/a>\n  \t\t\t\t\t\t\t  \t\t\t\t\t\t\t  \t\t\t\t\t\t<\/div>\n  \t\t\t\t\t\t  \t\t\t\t\t<\/div>\n          \t\t\t\t\t<div class=\"box-text text-center\" >\n\t\t\t\t\t<div class=\"box-text-inner blog-post-inner\">\n\n\t\t\t\t\t\n\t\t\t\t\t\t\t\t\t\t<h5 class=\"post-title is-large\">\n\t\t\t\t\t\t<a href=\"https:\/\/igstwahub.org\/fr\/gallery\/1488\/\" class=\"plain\">Atelier r\u00e9gional : Diffusion des engagements des pays d&#039;Afrique de l&#039;Ouest en mati\u00e8re d&#039;att\u00e9nuation et d&#039;adaptation au changement climatique<\/a>\n\t\t\t\t\t<\/h5>\n\t\t\t\t\t\t\t\t\t\t<div class=\"is-divider\"><\/div>\n\t\t\t\t\t                    \n\t\t\t\t\t\n\t\t\t\t\t\n\t\t\t\t\t<\/div>\n\t\t\t\t\t<\/div>\n\t\t\t\t\t\t\t\t\t<\/div>\n\t\t\t<\/div>\n\t\t<\/div><div class=\"col post-item\" data-animate=\"fadeInUp\">\n\t\t\t<div class=\"col-inner\">\n\t\t\t\t<div class=\"box box-bounce box-text-bottom box-blog-post has-hover\">\n            \t\t\t\t\t<div class=\"box-image\" >\n  \t\t\t\t\t\t<div class=\"image-cover\" style=\"padding-top:75%;\">\n\t\t\t\t\t\t\t<a href=\"https:\/\/igstwahub.org\/fr\/gallery\/igst-wa-hubs-participation-in-cop29\/\" class=\"plain\" aria-label=\"Participation du iGST WA Hub \u00e0 la COP29\">\n\t\t\t\t\t\t\t\t<img loading=\"lazy\" decoding=\"async\" width=\"666\" height=\"400\" src=\"https:\/\/igstwahub.org\/wp-content\/uploads\/2024\/12\/WhatsApp-Image-2024-11-12-at-10.08.04-666x400.jpeg\" class=\"attachment-medium size-medium wp-post-image\" alt=\"\" srcset=\"https:\/\/igstwahub.org\/wp-content\/uploads\/2024\/12\/WhatsApp-Image-2024-11-12-at-10.08.04-666x400.jpeg 666w, https:\/\/igstwahub.org\/wp-content\/uploads\/2024\/12\/WhatsApp-Image-2024-11-12-at-10.08.04-768x462.jpeg 768w, https:\/\/igstwahub.org\/wp-content\/uploads\/2024\/12\/WhatsApp-Image-2024-11-12-at-10.08.04-18x12.jpeg 18w, https:\/\/igstwahub.org\/wp-content\/uploads\/2024\/12\/WhatsApp-Image-2024-11-12-at-10.08.04.jpeg 1080w\" sizes=\"auto, (max-width: 666px) 100vw, 666px\" \/>\t\t\t\t\t\t\t<\/a>\n  \t\t\t\t\t\t\t  \t\t\t\t\t\t\t  \t\t\t\t\t\t<\/div>\n  \t\t\t\t\t\t  \t\t\t\t\t<\/div>\n          \t\t\t\t\t<div class=\"box-text text-center\" >\n\t\t\t\t\t<div class=\"box-text-inner blog-post-inner\">\n\n\t\t\t\t\t\n\t\t\t\t\t\t\t\t\t\t<h5 class=\"post-title is-large\">\n\t\t\t\t\t\t<a href=\"https:\/\/igstwahub.org\/fr\/gallery\/igst-wa-hubs-participation-in-cop29\/\" class=\"plain\">Participation du iGST WA Hub \u00e0 la COP29<\/a>\n\t\t\t\t\t<\/h5>\n\t\t\t\t\t\t\t\t\t\t<div class=\"is-divider\"><\/div>\n\t\t\t\t\t                    \n\t\t\t\t\t\n\t\t\t\t\t\n\t\t\t\t\t<\/div>\n\t\t\t\t\t<\/div>\n\t\t\t\t\t\t\t\t\t<\/div>\n\t\t\t<\/div>\n\t\t<\/div><div class=\"col post-item\" data-animate=\"fadeInUp\">\n\t\t\t<div class=\"col-inner\">\n\t\t\t\t<div class=\"box box-bounce box-text-bottom box-blog-post has-hover\">\n            \t\t\t\t\t<div class=\"box-image\" >\n  \t\t\t\t\t\t<div class=\"image-cover\" style=\"padding-top:75%;\">\n\t\t\t\t\t\t\t<a href=\"https:\/\/igstwahub.org\/fr\/gallery\/wa-hub-involvement-at-cop28\/\" class=\"plain\" aria-label=\"Participation du iGST WA Hub \u00e0 la COP28\">\n\t\t\t\t\t\t\t\t<img loading=\"lazy\" decoding=\"async\" width=\"533\" height=\"400\" src=\"https:\/\/igstwahub.org\/wp-content\/uploads\/2024\/02\/WhatsApp-Image-2024-02-08-at-16.10.48_a04fbe6c-533x400.jpg\" class=\"attachment-medium size-medium wp-post-image\" alt=\"\" srcset=\"https:\/\/igstwahub.org\/wp-content\/uploads\/2024\/02\/WhatsApp-Image-2024-02-08-at-16.10.48_a04fbe6c-533x400.jpg 533w, https:\/\/igstwahub.org\/wp-content\/uploads\/2024\/02\/WhatsApp-Image-2024-02-08-at-16.10.48_a04fbe6c-1067x800.jpg 1067w, https:\/\/igstwahub.org\/wp-content\/uploads\/2024\/02\/WhatsApp-Image-2024-02-08-at-16.10.48_a04fbe6c-768x576.jpg 768w, https:\/\/igstwahub.org\/wp-content\/uploads\/2024\/02\/WhatsApp-Image-2024-02-08-at-16.10.48_a04fbe6c-1536x1152.jpg 1536w, https:\/\/igstwahub.org\/wp-content\/uploads\/2024\/02\/WhatsApp-Image-2024-02-08-at-16.10.48_a04fbe6c-16x12.jpg 16w, https:\/\/igstwahub.org\/wp-content\/uploads\/2024\/02\/WhatsApp-Image-2024-02-08-at-16.10.48_a04fbe6c.jpg 2048w\" sizes=\"auto, (max-width: 533px) 100vw, 533px\" \/>\t\t\t\t\t\t\t<\/a>\n  \t\t\t\t\t\t\t  \t\t\t\t\t\t\t  \t\t\t\t\t\t<\/div>\n  \t\t\t\t\t\t  \t\t\t\t\t<\/div>\n          \t\t\t\t\t<div class=\"box-text text-center\" >\n\t\t\t\t\t<div class=\"box-text-inner blog-post-inner\">\n\n\t\t\t\t\t\n\t\t\t\t\t\t\t\t\t\t<h5 class=\"post-title is-large\">\n\t\t\t\t\t\t<a href=\"https:\/\/igstwahub.org\/fr\/gallery\/wa-hub-involvement-at-cop28\/\" class=\"plain\">Participation du iGST WA Hub \u00e0 la COP28<\/a>\n\t\t\t\t\t<\/h5>\n\t\t\t\t\t\t\t\t\t\t<div class=\"is-divider\"><\/div>\n\t\t\t\t\t                    \n\t\t\t\t\t\n\t\t\t\t\t\n\t\t\t\t\t<\/div>\n\t\t\t\t\t<\/div>\n\t\t\t\t\t\t\t\t\t<\/div>\n\t\t\t<\/div>\n\t\t<\/div><div class=\"col post-item has-post-icon\" data-animate=\"fadeInUp\">\n\t\t\t<div class=\"col-inner\">\n\t\t\t\t<div class=\"box box-bounce box-text-bottom box-blog-post has-hover\">\n            \t\t\t\t\t<div class=\"box-image\" >\n  \t\t\t\t\t\t<div class=\"image-cover\" style=\"padding-top:75%;\">\n\t\t\t\t\t\t\t<a href=\"https:\/\/igstwahub.org\/fr\/gallery\/short-videos\/\" class=\"plain\" aria-label=\"Vid\u00e9os courtes\">\n\t\t\t\t\t\t\t\t<img loading=\"lazy\" decoding=\"async\" width=\"782\" height=\"400\" src=\"https:\/\/igstwahub.org\/wp-content\/uploads\/2023\/08\/wahub_countries-782x400.png\" class=\"attachment-medium size-medium wp-post-image\" alt=\"countries of wahub\" srcset=\"https:\/\/igstwahub.org\/wp-content\/uploads\/2023\/08\/wahub_countries-782x400.png 782w, https:\/\/igstwahub.org\/wp-content\/uploads\/2023\/08\/wahub_countries-768x393.png 768w, https:\/\/igstwahub.org\/wp-content\/uploads\/2023\/08\/wahub_countries-600x307.png 600w, https:\/\/igstwahub.org\/wp-content\/uploads\/2023\/08\/wahub_countries.png 1145w\" sizes=\"auto, (max-width: 782px) 100vw, 782px\" \/>\t\t\t\t\t\t\t<\/a>\n  \t\t\t\t\t\t\t  \t\t\t\t\t\t\t  \t\t\t\t\t\t<\/div>\n  \t\t\t\t\t\t  \t\t\t\t\t\t\t<div class=\"absolute no-click x50 y50 md-x50 md-y50 lg-x50 lg-y50\">\n  \t\t\t\t            \t<div class=\"overlay-icon\">\n  \t\t\t\t                    <i class=\"icon-play\"><\/i>\n  \t\t\t\t                <\/div>\n  \t\t\t\t            <\/div>\n  \t\t\t\t\t\t  \t\t\t\t\t<\/div>\n          \t\t\t\t\t<div class=\"box-text text-center\" >\n\t\t\t\t\t<div class=\"box-text-inner blog-post-inner\">\n\n\t\t\t\t\t\n\t\t\t\t\t\t\t\t\t\t<h5 class=\"post-title is-large\">\n\t\t\t\t\t\t<a href=\"https:\/\/igstwahub.org\/fr\/gallery\/short-videos\/\" class=\"plain\">Vid\u00e9os courtes<\/a>\n\t\t\t\t\t<\/h5>\n\t\t\t\t\t\t\t\t\t\t<div class=\"is-divider\"><\/div>\n\t\t\t\t\t                    \n\t\t\t\t\t\n\t\t\t\t\t\n\t\t\t\t\t<\/div>\n\t\t\t\t\t<\/div>\n\t\t\t\t\t\t\t\t\t<\/div>\n\t\t\t<\/div>\n\t\t<\/div><div class=\"col post-item\" data-animate=\"fadeInUp\">\n\t\t\t<div class=\"col-inner\">\n\t\t\t\t<div class=\"box box-bounce box-text-bottom box-blog-post has-hover\">\n            \t\t\t\t\t<div class=\"box-image\" >\n  \t\t\t\t\t\t<div class=\"image-cover\" style=\"padding-top:75%;\">\n\t\t\t\t\t\t\t<a href=\"https:\/\/igstwahub.org\/fr\/gallery\/benin-workshop\/\" class=\"plain\" aria-label=\"Atelier B\u00e9nin\">\n\t\t\t\t\t\t\t\t<img loading=\"lazy\" decoding=\"async\" width=\"600\" height=\"400\" src=\"https:\/\/igstwahub.org\/wp-content\/uploads\/2023\/09\/DSC06807-600x400.jpg\" class=\"attachment-medium size-medium wp-post-image\" alt=\"Benin Workshop\" srcset=\"https:\/\/igstwahub.org\/wp-content\/uploads\/2023\/09\/DSC06807-600x400.jpg 600w, https:\/\/igstwahub.org\/wp-content\/uploads\/2023\/09\/DSC06807-1199x800.jpg 1199w, https:\/\/igstwahub.org\/wp-content\/uploads\/2023\/09\/DSC06807-768x512.jpg 768w, https:\/\/igstwahub.org\/wp-content\/uploads\/2023\/09\/DSC06807-1536x1025.jpg 1536w, https:\/\/igstwahub.org\/wp-content\/uploads\/2023\/09\/DSC06807-2048x1366.jpg 2048w\" sizes=\"auto, (max-width: 600px) 100vw, 600px\" \/>\t\t\t\t\t\t\t<\/a>\n  \t\t\t\t\t\t\t  \t\t\t\t\t\t\t  \t\t\t\t\t\t<\/div>\n  \t\t\t\t\t\t  \t\t\t\t\t<\/div>\n          \t\t\t\t\t<div class=\"box-text text-center\" >\n\t\t\t\t\t<div class=\"box-text-inner blog-post-inner\">\n\n\t\t\t\t\t\n\t\t\t\t\t\t\t\t\t\t<h5 class=\"post-title is-large\">\n\t\t\t\t\t\t<a href=\"https:\/\/igstwahub.org\/fr\/gallery\/benin-workshop\/\" class=\"plain\">Atelier B\u00e9nin<\/a>\n\t\t\t\t\t<\/h5>\n\t\t\t\t\t\t\t\t\t\t<div class=\"is-divider\"><\/div>\n\t\t\t\t\t                    \n\t\t\t\t\t\n\t\t\t\t\t\n\t\t\t\t\t<\/div>\n\t\t\t\t\t<\/div>\n\t\t\t\t\t\t\t\t\t<\/div>\n\t\t\t<\/div>\n\t\t<\/div><div class=\"col post-item\" data-animate=\"fadeInUp\">\n\t\t\t<div class=\"col-inner\">\n\t\t\t\t<div class=\"box box-bounce box-text-bottom box-blog-post has-hover\">\n            \t\t\t\t\t<div class=\"box-image\" >\n  \t\t\t\t\t\t<div class=\"image-cover\" style=\"padding-top:75%;\">\n\t\t\t\t\t\t\t<a href=\"https:\/\/igstwahub.org\/fr\/gallery\/ghana-workshop\/\" class=\"plain\" aria-label=\"Atelier du Ghana\">\n\t\t\t\t\t\t\t\t<img loading=\"lazy\" decoding=\"async\" width=\"533\" height=\"400\" src=\"https:\/\/igstwahub.org\/wp-content\/uploads\/2023\/09\/338836360_3428849840664221_4872093248356772258_n-533x400.jpg\" class=\"attachment-medium size-medium wp-post-image\" alt=\"Ghana Workshop\" srcset=\"https:\/\/igstwahub.org\/wp-content\/uploads\/2023\/09\/338836360_3428849840664221_4872093248356772258_n-533x400.jpg 533w, https:\/\/igstwahub.org\/wp-content\/uploads\/2023\/09\/338836360_3428849840664221_4872093248356772258_n-768x576.jpg 768w, https:\/\/igstwahub.org\/wp-content\/uploads\/2023\/09\/338836360_3428849840664221_4872093248356772258_n.jpg 1024w\" sizes=\"auto, (max-width: 533px) 100vw, 533px\" \/>\t\t\t\t\t\t\t<\/a>\n  \t\t\t\t\t\t\t  \t\t\t\t\t\t\t  \t\t\t\t\t\t<\/div>\n  \t\t\t\t\t\t  \t\t\t\t\t<\/div>\n          \t\t\t\t\t<div class=\"box-text text-center\" >\n\t\t\t\t\t<div class=\"box-text-inner blog-post-inner\">\n\n\t\t\t\t\t\n\t\t\t\t\t\t\t\t\t\t<h5 class=\"post-title is-large\">\n\t\t\t\t\t\t<a href=\"https:\/\/igstwahub.org\/fr\/gallery\/ghana-workshop\/\" class=\"plain\">Atelier du Ghana<\/a>\n\t\t\t\t\t<\/h5>\n\t\t\t\t\t\t\t\t\t\t<div class=\"is-divider\"><\/div>\n\t\t\t\t\t                    \n\t\t\t\t\t\n\t\t\t\t\t\n\t\t\t\t\t<\/div>\n\t\t\t\t\t<\/div>\n\t\t\t\t\t\t\t\t\t<\/div>\n\t\t\t<\/div>\n\t\t<\/div><div class=\"col post-item\" data-animate=\"fadeInUp\">\n\t\t\t<div class=\"col-inner\">\n\t\t\t\t<div class=\"box box-bounce box-text-bottom box-blog-post has-hover\">\n            \t\t\t\t\t<div class=\"box-image\" >\n  \t\t\t\t\t\t<div class=\"image-cover\" style=\"padding-top:75%;\">\n\t\t\t\t\t\t\t<a href=\"https:\/\/igstwahub.org\/fr\/gallery\/gallery-senegal-workshop\/\" class=\"plain\" aria-label=\"Atelier S\u00e9n\u00e9gal\">\n\t\t\t\t\t\t\t\t<img loading=\"lazy\" decoding=\"async\" width=\"600\" height=\"400\" src=\"https:\/\/igstwahub.org\/wp-content\/uploads\/2023\/09\/AWA_3721-1-600x400.jpg\" class=\"attachment-medium size-medium wp-post-image\" alt=\"Senegal Workshop\" srcset=\"https:\/\/igstwahub.org\/wp-content\/uploads\/2023\/09\/AWA_3721-1-600x400.jpg 600w, https:\/\/igstwahub.org\/wp-content\/uploads\/2023\/09\/AWA_3721-1-1200x800.jpg 1200w, https:\/\/igstwahub.org\/wp-content\/uploads\/2023\/09\/AWA_3721-1-768x512.jpg 768w, https:\/\/igstwahub.org\/wp-content\/uploads\/2023\/09\/AWA_3721-1-1536x1024.jpg 1536w, https:\/\/igstwahub.org\/wp-content\/uploads\/2023\/09\/AWA_3721-1-2048x1365.jpg 2048w\" sizes=\"auto, (max-width: 600px) 100vw, 600px\" \/>\t\t\t\t\t\t\t<\/a>\n  \t\t\t\t\t\t\t  \t\t\t\t\t\t\t  \t\t\t\t\t\t<\/div>\n  \t\t\t\t\t\t  \t\t\t\t\t<\/div>\n          \t\t\t\t\t<div class=\"box-text text-center\" >\n\t\t\t\t\t<div class=\"box-text-inner blog-post-inner\">\n\n\t\t\t\t\t\n\t\t\t\t\t\t\t\t\t\t<h5 class=\"post-title is-large\">\n\t\t\t\t\t\t<a href=\"https:\/\/igstwahub.org\/fr\/gallery\/gallery-senegal-workshop\/\" class=\"plain\">Atelier S\u00e9n\u00e9gal<\/a>\n\t\t\t\t\t<\/h5>\n\t\t\t\t\t\t\t\t\t\t<div class=\"is-divider\"><\/div>\n\t\t\t\t\t                    \n\t\t\t\t\t\n\t\t\t\t\t\n\t\t\t\t\t<\/div>\n\t\t\t\t\t<\/div>\n\t\t\t\t\t\t\t\t\t<\/div>\n\t\t\t<\/div>\n\t\t<\/div><div class=\"col post-item\" data-animate=\"fadeInUp\">\n\t\t\t<div class=\"col-inner\">\n\t\t\t\t<div class=\"box box-bounce box-text-bottom box-blog-post has-hover\">\n            \t\t\t\t\t<div class=\"box-image\" >\n  \t\t\t\t\t\t<div class=\"image-cover\" style=\"padding-top:75%;\">\n\t\t\t\t\t\t\t<a href=\"https:\/\/igstwahub.org\/fr\/gallery\/gallery-mali-workshop\/\" class=\"plain\" aria-label=\"Atelier Mali\">\n\t\t\t\t\t\t\t\t<img loading=\"lazy\" decoding=\"async\" width=\"1\" height=\"1\" src=\"https:\/\/igstwahub.org\/wp-content\/uploads\/2023\/09\/DSC_0075.jpg\" class=\"attachment-medium size-medium wp-post-image\" alt=\"Togo Workshop\" \/>\t\t\t\t\t\t\t<\/a>\n  \t\t\t\t\t\t\t  \t\t\t\t\t\t\t  \t\t\t\t\t\t<\/div>\n  \t\t\t\t\t\t  \t\t\t\t\t<\/div>\n          \t\t\t\t\t<div class=\"box-text text-center\" >\n\t\t\t\t\t<div class=\"box-text-inner blog-post-inner\">\n\n\t\t\t\t\t\n\t\t\t\t\t\t\t\t\t\t<h5 class=\"post-title is-large\">\n\t\t\t\t\t\t<a href=\"https:\/\/igstwahub.org\/fr\/gallery\/gallery-mali-workshop\/\" class=\"plain\">Atelier Mali<\/a>\n\t\t\t\t\t<\/h5>\n\t\t\t\t\t\t\t\t\t\t<div class=\"is-divider\"><\/div>\n\t\t\t\t\t                    \n\t\t\t\t\t\n\t\t\t\t\t\n\t\t\t\t\t<\/div>\n\t\t\t\t\t<\/div>\n\t\t\t\t\t\t\t\t\t<\/div>\n\t\t\t<\/div>\n\t\t<\/div><\/div>\n\n<div class=\"container section-title-container\" ><h1 class=\"section-title section-title-center\"><b><\/b><span class=\"section-title-main\" style=\"font-size:108%;color:rgb(14, 40, 160);\">PAYS MEMBRES<\/span><b><\/b><\/h1><\/div>\n\n<div class=\"row\"  id=\"row-1287684042\">\n\n\n\t<div id=\"col-401169488\" class=\"col small-12 large-12\"  >\n\t\t\t\t<div class=\"col-inner\"  >\n\t\t\t\n\t\t\t\n\n\t<div class=\"img has-hover x md-x lg-x y md-y lg-y\" id=\"image_1546088194\">\n\t\t\t\t\t\t\t\t<div class=\"img-inner dark\" >\n\t\t\t<img loading=\"lazy\" decoding=\"async\" width=\"1020\" height=\"522\" src=\"https:\/\/igstwahub.org\/wp-content\/uploads\/2023\/08\/wahub_countries.png\" class=\"attachment-large size-large\" alt=\"countries of wahub\" srcset=\"https:\/\/igstwahub.org\/wp-content\/uploads\/2023\/08\/wahub_countries.png 1145w, https:\/\/igstwahub.org\/wp-content\/uploads\/2023\/08\/wahub_countries-782x400.png 782w, https:\/\/igstwahub.org\/wp-content\/uploads\/2023\/08\/wahub_countries-768x393.png 768w, https:\/\/igstwahub.org\/wp-content\/uploads\/2023\/08\/wahub_countries-600x307.png 600w\" sizes=\"auto, (max-width: 1020px) 100vw, 1020px\" \/>\t\t\t\t\t\t\n\t\t\t\t\t<\/div>\n\t\t\t\t\t\t\t\t\n<style>\n#image_1546088194 {\n  width: 100%;\n}\n<\/style>\n\t<\/div>\n\t\n\n\n\t\t<\/div>\n\t\t\t\t\t<\/div>\n\n\t\n\n<\/div>","protected":false},"excerpt":{"rendered":"","protected":false},"author":1,"featured_media":0,"parent":0,"menu_order":0,"comment_status":"closed","ping_status":"closed","template":"page-blank.php","meta":{"_themeisle_gutenberg_block_has_review":false,"cybocfi_hide_featured_image":"","footnotes":""},"class_list":["post-614","page","type-page","status-publish","hentry"],"_links":{"self":[{"href":"https:\/\/igstwahub.org\/fr\/wp-json\/wp\/v2\/pages\/614","targetHints":{"allow":["GET"]}}],"collection":[{"href":"https:\/\/igstwahub.org\/fr\/wp-json\/wp\/v2\/pages"}],"about":[{"href":"https:\/\/igstwahub.org\/fr\/wp-json\/wp\/v2\/types\/page"}],"author":[{"embeddable":true,"href":"https:\/\/igstwahub.org\/fr\/wp-json\/wp\/v2\/users\/1"}],"replies":[{"embeddable":true,"href":"https:\/\/igstwahub.org\/fr\/wp-json\/wp\/v2\/comments?post=614"}],"version-history":[{"count":7,"href":"https:\/\/igstwahub.org\/fr\/wp-json\/wp\/v2\/pages\/614\/revisions"}],"predecessor-version":[{"id":722,"href":"https:\/\/igstwahub.org\/fr\/wp-json\/wp\/v2\/pages\/614\/revisions\/722"}],"wp:attachment":[{"href":"https:\/\/igstwahub.org\/fr\/wp-json\/wp\/v2\/media?parent=614"}],"curies":[{"name":"wp","href":"https:\/\/api.w.org\/{rel}","templated":true}]}}