{"id":762,"date":"2023-10-02T09:35:12","date_gmt":"2023-10-02T09:35:12","guid":{"rendered":"https:\/\/igstwahub.org\/?page_id=762"},"modified":"2023-10-02T09:59:36","modified_gmt":"2023-10-02T09:59:36","slug":"faqs","status":"publish","type":"page","link":"https:\/\/igstwahub.org\/fr\/faqs\/","title":{"rendered":"FAQ"},"content":{"rendered":"<section class=\"section dark\" id=\"section_1672332472\">\n\t\t<div class=\"section-bg fill\" >\n\t\t\t<img loading=\"lazy\" decoding=\"async\" width=\"1500\" height=\"994\" src=\"https:\/\/igstwahub.org\/wp-content\/uploads\/2023\/08\/paul-earle-xJ2tjuUHD9M-unsplash.jpg\" class=\"bg attachment- size-\" alt=\"\" \/>\t\t\t\t\t\t<div class=\"section-bg-overlay absolute fill\"><\/div>\n\t\t\t\n\n\t\t<\/div>\n\n\t\t\n\n\t\t<div class=\"section-content relative\">\n\t\t\t\n\n<div class=\"row row-full-width\"  id=\"row-1862990195\">\n\n\n\t<div id=\"col-573417840\" class=\"col small-12 large-12\"  >\n\t\t\t\t<div class=\"col-inner\"  >\n\t\t\t\n\t\t\t\n\n<div class=\"row row-collapse row-full-width\"  id=\"row-1211818109\">\n\n\n\t<div id=\"col-1449739939\" class=\"col medium-12 small-12 large-12\"  >\n\t\t\t\t<div class=\"col-inner\"  >\n\t\t\t\n\t\t\t\n\n\t<div id=\"text-810282209\" class=\"text\">\n\t\t\n\n<h1 class=\"\" style=\"text-align: center;\">Questions fr\u00e9quemment pos\u00e9es<\/h1>\n\t\t\n<style>\n#text-810282209 {\n  font-size: 1.25rem;\n  text-align: center;\n}\n@media (min-width:550px) {\n  #text-810282209 {\n    text-align: center;\n  }\n}\n@media (min-width:850px) {\n  #text-810282209 {\n    font-size: 1.5rem;\n    text-align: left;\n  }\n}\n<\/style>\n\t<\/div>\n\t\n\n\t\t<\/div>\n\t\t\t\t\n<style>\n#col-1449739939 > .col-inner {\n  padding: 30px 0px 0px 0px;\n  margin: 0px 0px 0px 0px;\n}\n@media (min-width:550px) {\n  #col-1449739939 > .col-inner {\n    margin: 0px 0px 0px 0px;\n  }\n}\n<\/style>\n\t<\/div>\n\n\t\n\n<\/div>\n\n\t\t<\/div>\n\t\t\t\t\n<style>\n#col-573417840 > .col-inner {\n  padding: 0px 5% 0px 5%;\n  margin: -20px 0px -20px 0px;\n}\n@media (min-width:550px) {\n  #col-573417840 > .col-inner {\n    padding: 0px 5% 0px 5%;\n  }\n}\n<\/style>\n\t<\/div>\n\n\t\n\n<\/div>\n\n\t\t<\/div>\n\n\t\t\n<style>\n#section_1672332472 {\n  padding-top: 30px;\n  padding-bottom: 30px;\n  background-color: rgb(0,0,0);\n}\n#section_1672332472 .section-bg-overlay {\n  background-color: rgba(0, 120, 128, 0.33);\n}\n<\/style>\n\t<\/section>\n\t\n<div class=\"row align-center\"  id=\"row-1228009770\">\n\n\n\t<div id=\"col-42188673\" class=\"col small-12 large-12\"  >\n\t\t\t\t<div class=\"col-inner\"  >\n\t\t\t\n\t\t\t\n\n<div class=\"accordion\">\n\n\t<div id=\"accordion-2273932674\" class=\"accordion-item\">\n\t\t<a id=\"accordion-2273932674-label\" class=\"accordion-title plain\" href=\"#accordion-item-what-is-the-global-stocktake?\" aria-expanded=\"false\" aria-controls=\"accordion-2273932674-content\" >\n\t\t\t<button class=\"toggle\" aria-label=\"Basculer\"><i class=\"icon-angle-down\"><\/i><\/button>\n\t\t\t<span>Qu\u2019est-ce que le bilan mondial ?<\/span>\n\t\t<\/a>\n\t\t<div id=\"accordion-2273932674-content\" class=\"accordion-inner\" aria-labelledby=\"accordion-2273932674-label\" >\n\t\t\t\n\n<p>Adopt\u00e9 en 2015, l&#039;Accord de Paris (AP) est un trait\u00e9 international juridiquement contraignant sur le changement climatique qui vise \u00e0 renforcer la r\u00e9ponse mondiale au changement climatique en maintenant l&#039;augmentation de la temp\u00e9rature moyenne mondiale bien en dessous de 2\u00b0C et en poursuivant les efforts pour la limiter \u00e0 1,5\u00b0C. C. L&#039;Accord exige une \u00e9valuation des progr\u00e8s collectifs mondiaux vers les objectifs d&#039;att\u00e9nuation, d&#039;adaptation et de financement du changement climatique tous les cinq ans par le biais d&#039;un exercice connu sous le nom de Bilan mondial (GST). Plus pr\u00e9cis\u00e9ment, l&#039;article 14 de l&#039;AP stipule que \u00ab\u00a0la Conf\u00e9rence des Parties (COP) fera p\u00e9riodiquement le point sur la mise en \u0153uvre du pr\u00e9sent Accord afin d&#039;\u00e9valuer les progr\u00e8s collectifs vers la r\u00e9alisation de son objectif et de ses objectifs \u00e0 long terme\u00a0\u00bb. Ainsi, mise en \u0153uvre sous l\u2019autorit\u00e9 de la Convention-cadre des Nations Unies sur les changements climatiques (CCNUCC), la GST vise \u00e0 donner aux pays les moyens d\u2019accro\u00eetre leurs engagements (en termes de contributions d\u00e9termin\u00e9es au niveau national \u2013 CDN) \u00e0 l\u2019Accord de Paris et de prendre des mesures climatiques plus audacieuses.<\/p>\n\n\t\t<\/div>\n\t<\/div>\n\t\n\t<div id=\"accordion-3740574642\" class=\"accordion-item\">\n\t\t<a id=\"accordion-3740574642-label\" class=\"accordion-title plain\" href=\"#accordion-item-what-is-the-independent-global-stocktake?\" aria-expanded=\"false\" aria-controls=\"accordion-3740574642-content\" >\n\t\t\t<button class=\"toggle\" aria-label=\"Basculer\"><i class=\"icon-angle-down\"><\/i><\/button>\n\t\t\t<span>Qu\u2019est-ce que le Bilan mondial ind\u00e9pendant ?<\/span>\n\t\t<\/a>\n\t\t<div id=\"accordion-3740574642-content\" class=\"accordion-inner\" aria-labelledby=\"accordion-3740574642-label\" >\n\t\t\t\n\n<p style=\"text-align: left;\">L&#039;Independent Global Stocktake (iGST) est un consortium d&#039;acteurs\/hubs r\u00e9gionaux de la soci\u00e9t\u00e9 civile et de quatre groupes de travail th\u00e9matiques ind\u00e9pendants sur l&#039;att\u00e9nuation, l&#039;adaptation, le financement et l&#039;\u00e9quit\u00e9 qui travaillent ensemble pour soutenir fortement la mise en \u0153uvre de l&#039;AP et pour contribuer efficacement \u00e0 la mise en \u0153uvre de l&#039;AP. processus de TPS. Ces parties prenantes comprennent des organisations environnementales, de femmes et de jeunes, des organisations d&#039;agriculteurs et d&#039;agriculteurs, des universit\u00e9s et des centres de recherche, des organisations commerciales et industrielles, des organisations de peuples autochtones, des organisations syndicales, des organisations syndicales, des acteurs r\u00e9gionaux du climat, des gouvernements locaux et des autorit\u00e9s municipales. etc. Avec cette riche diversit\u00e9 de parties prenantes non \u00e9tatiques, l&#039;iGST peut fournir un soutien compl\u00e9mentaire pour la r\u00e9alisation des objectifs de l&#039;AP en travaillant ensemble puissamment pour garantir une GST bien inform\u00e9e et robuste qui responsabilise et motive les pays \u00e0 prendre davantage d&#039;excellentes actions climatiques. L&#039;iGST, consciente \u00e9galement des r\u00e9alit\u00e9s politiques qui limitent le processus formel de la TPS, vise \u00e0 aller au-del\u00e0 de la TPS pour garantir que le moment du bilan g\u00e9n\u00e8re un maximum d&#039;impacts positifs et durables.<\/p>\n\n\t\t<\/div>\n\t<\/div>\n\t\n\t<div id=\"accordion-1885579974\" class=\"accordion-item\">\n\t\t<a id=\"accordion-1885579974-label\" class=\"accordion-title plain\" href=\"#accordion-item-what-is-the-igst-west-africa-regional-hub?\" aria-expanded=\"false\" aria-controls=\"accordion-1885579974-content\" >\n\t\t\t<button class=\"toggle\" aria-label=\"Basculer\"><i class=\"icon-angle-down\"><\/i><\/button>\n\t\t\t<span>Qu&#039;est-ce que le hub r\u00e9gional iGST pour l&#039;Afrique de l&#039;Ouest\u00a0?<\/span>\n\t\t<\/a>\n\t\t<div id=\"accordion-1885579974-content\" class=\"accordion-inner\" aria-labelledby=\"accordion-1885579974-label\" >\n\t\t\t\n\n<p>Le Hub R\u00e9gional iGST Afrique de l\u2019Ouest (iGST-WA) est un r\u00e9seau d\u2019organisations de la soci\u00e9t\u00e9 civile climatique et d\u2019autres parties prenantes en Afrique de l\u2019Ouest (y compris tous les pays de la CEDEAO) qui plaident pour la mise en \u0153uvre de l\u2019AP, et en particulier pour le processus GST. La qu\u00eate du hub r\u00e9gional iGST-WA est de pr\u00e9senter une vision ouest-africaine des priorit\u00e9s en mati\u00e8re de changement climatique et de rassembler la communaut\u00e9 ouest-africaine du changement climatique pour plaider en faveur d&#039;une TPS repr\u00e9sentative, pertinente et r\u00e9active. Ainsi, le Hub R\u00e9gional iGST-WA facilitera la participation efficace de la soci\u00e9t\u00e9 civile climatique ouest-africaine au GST en fournissant une plateforme pour engager toutes les parties prenantes int\u00e9ress\u00e9es sur les priorit\u00e9s qui mettent en \u00e9vidence leurs attentes. C&#039;est dans ce cadre que le Centre de services scientifiques ouest-africains sur le changement climatique et l&#039;utilisation adapt\u00e9e des terres (WASCAL) et le Conseil de la recherche scientifique et industrielle (CSIR) d&#039;Afrique du Sud ont \u00e9t\u00e9 mandat\u00e9s par la Fondation ClimateWorks pour diriger les processus de formation et d&#039;op\u00e9rationnalisation de le hub r\u00e9gional iGST-WA.<\/p>\n\n\t\t<\/div>\n\t<\/div>\n\t\n\t<div id=\"accordion-3854341952\" class=\"accordion-item\">\n\t\t<a id=\"accordion-3854341952-label\" class=\"accordion-title plain\" href=\"#accordion-item-how-will-the-igst-wa-regional-hub-operate?\" aria-expanded=\"false\" aria-controls=\"accordion-3854341952-content\" >\n\t\t\t<button class=\"toggle\" aria-label=\"Basculer\"><i class=\"icon-angle-down\"><\/i><\/button>\n\t\t\t<span>Comment fonctionnera le hub r\u00e9gional iGST-WA\u00a0?<\/span>\n\t\t<\/a>\n\t\t<div id=\"accordion-3854341952-content\" class=\"accordion-inner\" aria-labelledby=\"accordion-3854341952-label\" >\n\t\t\t\n\n<ul>\n<li>Veiller \u00e0 ce que la propri\u00e9t\u00e9 du hub appartienne aux membres gr\u00e2ce \u00e0 une approche ascendante pour la formation du hub.<\/li>\n<li>Accro\u00eetre l\u2019exactitude, la transparence, la responsabilit\u00e9 et la pertinence du processus de TPS, en se concentrant sur les questions pertinentes pour l\u2019Afrique de l\u2019Ouest.<\/li>\n<li>Renforcer les capacit\u00e9s des membres du p\u00f4le sur le processus GST, et exploiter, rassembler et synth\u00e9tiser les contributions de la soci\u00e9t\u00e9 civile climatique de la sous-r\u00e9gion.<\/li>\n<li>S&#039;inspirer des recherches men\u00e9es dans diff\u00e9rents secteurs en Afrique de l&#039;Ouest en veillant \u00e0 ce qu&#039;elles donnent une image compl\u00e8te des progr\u00e8s r\u00e9alis\u00e9s par rapport aux objectifs \u00e0 long terme de l&#039;Autorit\u00e9 palestinienne \u00e0 travers le processus de la TPS.<\/li>\n<li>Tirer parti des ressources et des processus disponibles pour obtenir davantage de fonds pour sa pleine op\u00e9rationnalisation \u00e0 long terme.<\/li>\n<\/ul>\n\n\t\t<\/div>\n\t<\/div>\n\t\n\n<\/div>\n\n\t\t<\/div>\n\t\t\t\t\t<\/div>\n\n\t\n\n<\/div>\n<div class=\"container section-title-container\" ><h1 class=\"section-title section-title-center\"><b><\/b><span class=\"section-title-main\" style=\"font-size:108%;color:rgb(14, 40, 160);\">PAYS MEMBRES<\/span><b><\/b><\/h1><\/div>\n\n<div class=\"row\"  id=\"row-896348462\">\n\n\n\t<div id=\"col-1958685052\" class=\"col small-12 large-12\"  >\n\t\t\t\t<div class=\"col-inner\"  >\n\t\t\t\n\t\t\t\n\n\t<div class=\"img has-hover x md-x lg-x y md-y lg-y\" id=\"image_1838139953\">\n\t\t\t\t\t\t\t\t<div class=\"img-inner dark\" >\n\t\t\t<img loading=\"lazy\" decoding=\"async\" width=\"1020\" height=\"522\" src=\"https:\/\/igstwahub.org\/wp-content\/uploads\/2023\/08\/wahub_countries.png\" class=\"attachment-large size-large\" alt=\"countries of wahub\" srcset=\"https:\/\/igstwahub.org\/wp-content\/uploads\/2023\/08\/wahub_countries.png 1145w, https:\/\/igstwahub.org\/wp-content\/uploads\/2023\/08\/wahub_countries-782x400.png 782w, https:\/\/igstwahub.org\/wp-content\/uploads\/2023\/08\/wahub_countries-768x393.png 768w, https:\/\/igstwahub.org\/wp-content\/uploads\/2023\/08\/wahub_countries-600x307.png 600w\" sizes=\"auto, (max-width: 1020px) 100vw, 1020px\" \/>\t\t\t\t\t\t\n\t\t\t\t\t<\/div>\n\t\t\t\t\t\t\t\t\n<style>\n#image_1838139953 {\n  width: 100%;\n}\n<\/style>\n\t<\/div>\n\t\n\n\n\t\t<\/div>\n\t\t\t\t\t<\/div>\n\n\t\n\n<\/div>","protected":false},"excerpt":{"rendered":"","protected":false},"author":1,"featured_media":0,"parent":0,"menu_order":0,"comment_status":"closed","ping_status":"closed","template":"page-blank.php","meta":{"_themeisle_gutenberg_block_has_review":false,"cybocfi_hide_featured_image":"","footnotes":""},"class_list":["post-762","page","type-page","status-publish","hentry"],"_links":{"self":[{"href":"https:\/\/igstwahub.org\/fr\/wp-json\/wp\/v2\/pages\/762","targetHints":{"allow":["GET"]}}],"collection":[{"href":"https:\/\/igstwahub.org\/fr\/wp-json\/wp\/v2\/pages"}],"about":[{"href":"https:\/\/igstwahub.org\/fr\/wp-json\/wp\/v2\/types\/page"}],"author":[{"embeddable":true,"href":"https:\/\/igstwahub.org\/fr\/wp-json\/wp\/v2\/users\/1"}],"replies":[{"embeddable":true,"href":"https:\/\/igstwahub.org\/fr\/wp-json\/wp\/v2\/comments?post=762"}],"version-history":[{"count":13,"href":"https:\/\/igstwahub.org\/fr\/wp-json\/wp\/v2\/pages\/762\/revisions"}],"predecessor-version":[{"id":775,"href":"https:\/\/igstwahub.org\/fr\/wp-json\/wp\/v2\/pages\/762\/revisions\/775"}],"wp:attachment":[{"href":"https:\/\/igstwahub.org\/fr\/wp-json\/wp\/v2\/media?parent=762"}],"curies":[{"name":"wp","href":"https:\/\/api.w.org\/{rel}","templated":true}]}}